{"id":10,"date":"2023-11-18T00:40:14","date_gmt":"2023-11-17T23:40:14","guid":{"rendered":"http:\/\/162.19.227.39\/index.php\/carrito\/"},"modified":"2023-11-27T21:30:20","modified_gmt":"2023-11-27T20:30:20","slug":"carrito","status":"publish","type":"page","link":"https:\/\/tripsonthemoon.com\/en\/index.php\/carrito\/","title":{"rendered":"Basket"},"content":{"rendered":"\n<div data-block-name=\"woocommerce\/cart\" class=\"wp-block-woocommerce-cart alignwide is-loading\">\n<div data-block-name=\"woocommerce\/filled-cart-block\" class=\"wp-block-woocommerce-filled-cart-block\">\n<div data-block-name=\"woocommerce\/cart-items-block\" class=\"wp-block-woocommerce-cart-items-block\">\n<div data-block-name=\"woocommerce\/cart-line-items-block\" class=\"wp-block-woocommerce-cart-line-items-block\"><\/div>\n\n\n\n<div data-block-name=\"woocommerce\/cart-cross-sells-block\" class=\"wp-block-woocommerce-cart-cross-sells-block\">\n<h2 class=\"wp-block-heading has-large-font-size\">Puede que te interese\u2026<\/h2>\n\n\n\n<div data-block-name=\"woocommerce\/cart-cross-sells-products-block\" class=\"wp-block-woocommerce-cart-cross-sells-products-block\"><\/div>\n<\/div>\n<\/div>\n\n\n\n<div data-block-name=\"woocommerce\/cart-totals-block\" class=\"wp-block-woocommerce-cart-totals-block\">\n<div data-block-name=\"woocommerce\/cart-order-summary-block\" class=\"wp-block-woocommerce-cart-order-summary-block\">\n<div data-block-name=\"woocommerce\/cart-order-summary-heading-block\" class=\"wp-block-woocommerce-cart-order-summary-heading-block\"><\/div><div data-block-name=\"woocommerce\/cart-order-summary-coupon-form-block\" class=\"wp-block-woocommerce-cart-order-summary-coupon-form-block\"><\/div><div data-block-name=\"woocommerce\/cart-order-summary-totals-block\" class=\"wp-block-woocommerce-cart-order-summary-totals-block\">\n<div data-block-name=\"woocommerce\/cart-order-summary-subtotal-block\" class=\"wp-block-woocommerce-cart-order-summary-subtotal-block\"><\/div>\n<div data-block-name=\"woocommerce\/cart-order-summary-discount-block\" class=\"wp-block-woocommerce-cart-order-summary-discount-block\"><\/div>\n<div data-block-name=\"woocommerce\/cart-order-summary-fee-block\" class=\"wp-block-woocommerce-cart-order-summary-fee-block\"><\/div>\n<div data-block-name=\"woocommerce\/cart-order-summary-shipping-block\" class=\"wp-block-woocommerce-cart-order-summary-shipping-block\"><\/div>\n<div data-block-name=\"woocommerce\/cart-order-summary-taxes-block\" class=\"wp-block-woocommerce-cart-order-summary-taxes-block\"><\/div><\/div>\n<\/div>\n\n\n\n<div data-block-name=\"woocommerce\/cart-express-payment-block\" class=\"wp-block-woocommerce-cart-express-payment-block\"><\/div>\n\n\n\n<div data-block-name=\"woocommerce\/proceed-to-checkout-block\" class=\"wp-block-woocommerce-proceed-to-checkout-block\"><\/div>\n\n\n\n<div data-block-name=\"woocommerce\/cart-accepted-payment-methods-block\" class=\"wp-block-woocommerce-cart-accepted-payment-methods-block\"><\/div>\n<\/div>\n<\/div>\n\n\n\n<div data-block-name=\"woocommerce\/empty-cart-block\" class=\"wp-block-woocommerce-empty-cart-block\">\n<h2 class=\"wp-block-heading has-text-align-center with-empty-cart-icon wc-block-cart__empty-cart__title\">\u00a1Tu carrito actualmente est\u00e1 vac\u00edo!<\/h2>\n\n\n\n<hr class=\"wp-block-separator has-alpha-channel-opacity is-style-dots\"\/>\n\n\n\n<h2 class=\"wp-block-heading has-text-align-center\">Nuevo en la tienda<\/h2>\n\n\n<div data-block-name=\"woocommerce\/product-new\" data-columns=\"4\" data-rows=\"1\" class=\"wc-block-grid wp-block-product-new wp-block-woocommerce-product-new wc-block-product-new has-4-columns\"><ul class=\"wc-block-grid__products\"><li class=\"wc-block-grid__product\">\n\t\t\t\t<a href=\"https:\/\/tripsonthemoon.com\/en\/index.php\/producto\/guia-completa-de-noruega-2\/\" class=\"wc-block-grid__product-link\">\n\t\t\t\t\t<div class=\"wc-block-grid__product-onsale\">\n\t\t\t<span aria-hidden=\"true\">Sale<\/span>\n\t\t\t<span class=\"screen-reader-text\">Product on sale<\/span>\n\t\t<\/div>\n\t\t\t\t\t<div class=\"wc-block-grid__product-image\"><img decoding=\"async\" width=\"300\" height=\"300\" src=\"https:\/\/tripsonthemoon.com\/wp-content\/uploads\/2023\/12\/4e5f989f-1173-4c56-ad52-9abfdb73b30a-300x300.jpg\" class=\"attachment-woocommerce_thumbnail size-woocommerce_thumbnail\" alt=\"Test Guide\" srcset=\"https:\/\/tripsonthemoon.com\/wp-content\/uploads\/2023\/12\/4e5f989f-1173-4c56-ad52-9abfdb73b30a-300x300.jpg 300w, https:\/\/tripsonthemoon.com\/wp-content\/uploads\/2023\/12\/4e5f989f-1173-4c56-ad52-9abfdb73b30a-150x150.jpg 150w, https:\/\/tripsonthemoon.com\/wp-content\/uploads\/2023\/12\/4e5f989f-1173-4c56-ad52-9abfdb73b30a-768x768.jpg 768w, https:\/\/tripsonthemoon.com\/wp-content\/uploads\/2023\/12\/4e5f989f-1173-4c56-ad52-9abfdb73b30a-600x600.jpg 600w, https:\/\/tripsonthemoon.com\/wp-content\/uploads\/2023\/12\/4e5f989f-1173-4c56-ad52-9abfdb73b30a-100x100.jpg 100w, https:\/\/tripsonthemoon.com\/wp-content\/uploads\/2023\/12\/4e5f989f-1173-4c56-ad52-9abfdb73b30a.jpg 1024w\" sizes=\"(max-width: 300px) 100vw, 300px\" \/><\/div>\n\t\t\t\t\t<div class=\"wc-block-grid__product-title\">Test Guide<\/div>\n\t\t\t\t<\/a>\n\t\t\t\t<div class=\"wc-block-grid__product-price price\"><del aria-hidden=\"true\"><span class=\"woocommerce-Price-amount amount\">24,95&nbsp;<span class=\"woocommerce-Price-currencySymbol\">&euro;<\/span><\/span><\/del> <span class=\"screen-reader-text\">Original price was: 24,95&nbsp;&euro;.<\/span><ins aria-hidden=\"true\"><span class=\"woocommerce-Price-amount amount\">16,95&nbsp;<span class=\"woocommerce-Price-currencySymbol\">&euro;<\/span><\/span><\/ins><span class=\"screen-reader-text\">Current price is: 16,95&nbsp;&euro;.<\/span> <small class=\"woocommerce-price-suffix\">IVA inclu\u00eddo<\/small><\/div>\n\t\t\t\t\n\t\t\t\t<div class=\"wp-block-button wc-block-grid__product-add-to-cart\"><a href=\"\/en\/index.php\/wp-json\/wp\/v2\/pages\/10?add-to-cart=2131\" aria-label=\"Add to basket: &ldquo;Test Guide&rdquo;\" data-quantity=\"1\" data-product_id=\"2131\" data-product_sku=\"\" data-price=\"16.95\" rel=\"nofollow\" class=\"wp-block-button__link  add_to_cart_button ajax_add_to_cart\">Add to basket<\/a><\/div>\n\t\t\t<\/li><li class=\"wc-block-grid__product\">\n\t\t\t\t<a href=\"https:\/\/tripsonthemoon.com\/en\/index.php\/producto\/guia-completa-de-islandia\/\" class=\"wc-block-grid__product-link\">\n\t\t\t\t\t<div class=\"wc-block-grid__product-onsale\">\n\t\t\t<span aria-hidden=\"true\">Sale<\/span>\n\t\t\t<span class=\"screen-reader-text\">Product on sale<\/span>\n\t\t<\/div>\n\t\t\t\t\t<div class=\"wc-block-grid__product-image\"><img decoding=\"async\" width=\"300\" height=\"300\" src=\"https:\/\/tripsonthemoon.com\/wp-content\/uploads\/2023\/12\/Guia-Completa-de-Travesia-por-el-Nilo-300x300.jpg\" class=\"attachment-woocommerce_thumbnail size-woocommerce_thumbnail\" alt=\"Test Guide\" srcset=\"https:\/\/tripsonthemoon.com\/wp-content\/uploads\/2023\/12\/Guia-Completa-de-Travesia-por-el-Nilo-300x300.jpg 300w, https:\/\/tripsonthemoon.com\/wp-content\/uploads\/2023\/12\/Guia-Completa-de-Travesia-por-el-Nilo-150x150.jpg 150w, https:\/\/tripsonthemoon.com\/wp-content\/uploads\/2023\/12\/Guia-Completa-de-Travesia-por-el-Nilo-768x768.jpg 768w, https:\/\/tripsonthemoon.com\/wp-content\/uploads\/2023\/12\/Guia-Completa-de-Travesia-por-el-Nilo-600x600.jpg 600w, https:\/\/tripsonthemoon.com\/wp-content\/uploads\/2023\/12\/Guia-Completa-de-Travesia-por-el-Nilo-100x100.jpg 100w, https:\/\/tripsonthemoon.com\/wp-content\/uploads\/2023\/12\/Guia-Completa-de-Travesia-por-el-Nilo.jpg 1024w\" sizes=\"(max-width: 300px) 100vw, 300px\" \/><\/div>\n\t\t\t\t\t<div class=\"wc-block-grid__product-title\">Test Guide<\/div>\n\t\t\t\t<\/a>\n\t\t\t\t<div class=\"wc-block-grid__product-price price\"><del aria-hidden=\"true\"><span class=\"woocommerce-Price-amount amount\">24,95&nbsp;<span class=\"woocommerce-Price-currencySymbol\">&euro;<\/span><\/span><\/del> <span class=\"screen-reader-text\">Original price was: 24,95&nbsp;&euro;.<\/span><ins aria-hidden=\"true\"><span class=\"woocommerce-Price-amount amount\">16,95&nbsp;<span class=\"woocommerce-Price-currencySymbol\">&euro;<\/span><\/span><\/ins><span class=\"screen-reader-text\">Current price is: 16,95&nbsp;&euro;.<\/span> <small class=\"woocommerce-price-suffix\">IVA inclu\u00eddo<\/small><\/div>\n\t\t\t\t\n\t\t\t\t<div class=\"wp-block-button wc-block-grid__product-add-to-cart\"><a href=\"\/en\/index.php\/wp-json\/wp\/v2\/pages\/10?add-to-cart=2107\" aria-label=\"Add to basket: &ldquo;Test Guide&rdquo;\" data-quantity=\"1\" data-product_id=\"2107\" data-product_sku=\"\" data-price=\"16.95\" rel=\"nofollow\" class=\"wp-block-button__link  add_to_cart_button ajax_add_to_cart\">Add to basket<\/a><\/div>\n\t\t\t<\/li><li class=\"wc-block-grid__product\">\n\t\t\t\t<a href=\"https:\/\/tripsonthemoon.com\/en\/index.php\/producto\/guia-completa-de-noruega\/\" class=\"wc-block-grid__product-link\">\n\t\t\t\t\t<div class=\"wc-block-grid__product-onsale\">\n\t\t\t<span aria-hidden=\"true\">Sale<\/span>\n\t\t\t<span class=\"screen-reader-text\">Product on sale<\/span>\n\t\t<\/div>\n\t\t\t\t\t<div class=\"wc-block-grid__product-image\"><img decoding=\"async\" width=\"300\" height=\"300\" src=\"https:\/\/tripsonthemoon.com\/wp-content\/uploads\/2023\/12\/Guia-Completa-de-Islandia-300x300.jpg\" class=\"attachment-woocommerce_thumbnail size-woocommerce_thumbnail\" alt=\"Test Guide\" srcset=\"https:\/\/tripsonthemoon.com\/wp-content\/uploads\/2023\/12\/Guia-Completa-de-Islandia-300x300.jpg 300w, https:\/\/tripsonthemoon.com\/wp-content\/uploads\/2023\/12\/Guia-Completa-de-Islandia-150x150.jpg 150w, https:\/\/tripsonthemoon.com\/wp-content\/uploads\/2023\/12\/Guia-Completa-de-Islandia-768x768.jpg 768w, https:\/\/tripsonthemoon.com\/wp-content\/uploads\/2023\/12\/Guia-Completa-de-Islandia-600x600.jpg 600w, https:\/\/tripsonthemoon.com\/wp-content\/uploads\/2023\/12\/Guia-Completa-de-Islandia-100x100.jpg 100w, https:\/\/tripsonthemoon.com\/wp-content\/uploads\/2023\/12\/Guia-Completa-de-Islandia.jpg 1024w\" sizes=\"(max-width: 300px) 100vw, 300px\" \/><\/div>\n\t\t\t\t\t<div class=\"wc-block-grid__product-title\">Test Guide<\/div>\n\t\t\t\t<\/a>\n\t\t\t\t<div class=\"wc-block-grid__product-price price\"><del aria-hidden=\"true\"><span class=\"woocommerce-Price-amount amount\">24,95&nbsp;<span class=\"woocommerce-Price-currencySymbol\">&euro;<\/span><\/span><\/del> <span class=\"screen-reader-text\">Original price was: 24,95&nbsp;&euro;.<\/span><ins aria-hidden=\"true\"><span class=\"woocommerce-Price-amount amount\">16,95&nbsp;<span class=\"woocommerce-Price-currencySymbol\">&euro;<\/span><\/span><\/ins><span class=\"screen-reader-text\">Current price is: 16,95&nbsp;&euro;.<\/span> <small class=\"woocommerce-price-suffix\">IVA inclu\u00eddo<\/small><\/div>\n\t\t\t\t\n\t\t\t\t<div class=\"wp-block-button wc-block-grid__product-add-to-cart\"><a href=\"\/en\/index.php\/wp-json\/wp\/v2\/pages\/10?add-to-cart=2105\" aria-label=\"Add to basket: &ldquo;Test Guide&rdquo;\" data-quantity=\"1\" data-product_id=\"2105\" data-product_sku=\"\" data-price=\"16.95\" rel=\"nofollow\" class=\"wp-block-button__link  add_to_cart_button ajax_add_to_cart\">Add to basket<\/a><\/div>\n\t\t\t<\/li><li class=\"wc-block-grid__product\">\n\t\t\t\t<a href=\"https:\/\/tripsonthemoon.com\/en\/index.php\/producto\/guia-de-prueba\/\" class=\"wc-block-grid__product-link\">\n\t\t\t\t\t<div class=\"wc-block-grid__product-onsale\">\n\t\t\t<span aria-hidden=\"true\">Sale<\/span>\n\t\t\t<span class=\"screen-reader-text\">Product on sale<\/span>\n\t\t<\/div>\n\t\t\t\t\t<div class=\"wc-block-grid__product-image\"><img decoding=\"async\" width=\"300\" height=\"300\" src=\"https:\/\/tripsonthemoon.com\/wp-content\/uploads\/2023\/11\/Guia-Completa-de-Noruega-300x300.jpg\" class=\"attachment-woocommerce_thumbnail size-woocommerce_thumbnail\" alt=\"Test Guide\" srcset=\"https:\/\/tripsonthemoon.com\/wp-content\/uploads\/2023\/11\/Guia-Completa-de-Noruega-300x300.jpg 300w, https:\/\/tripsonthemoon.com\/wp-content\/uploads\/2023\/11\/Guia-Completa-de-Noruega-150x150.jpg 150w, https:\/\/tripsonthemoon.com\/wp-content\/uploads\/2023\/11\/Guia-Completa-de-Noruega-768x768.jpg 768w, https:\/\/tripsonthemoon.com\/wp-content\/uploads\/2023\/11\/Guia-Completa-de-Noruega-600x600.jpg 600w, https:\/\/tripsonthemoon.com\/wp-content\/uploads\/2023\/11\/Guia-Completa-de-Noruega-100x100.jpg 100w, https:\/\/tripsonthemoon.com\/wp-content\/uploads\/2023\/11\/Guia-Completa-de-Noruega.jpg 1024w\" sizes=\"(max-width: 300px) 100vw, 300px\" \/><\/div>\n\t\t\t\t\t<div class=\"wc-block-grid__product-title\">Test Guide<\/div>\n\t\t\t\t<\/a>\n\t\t\t\t<div class=\"wc-block-grid__product-price price\"><del aria-hidden=\"true\"><span class=\"woocommerce-Price-amount amount\">24,95&nbsp;<span class=\"woocommerce-Price-currencySymbol\">&euro;<\/span><\/span><\/del> <span class=\"screen-reader-text\">Original price was: 24,95&nbsp;&euro;.<\/span><ins aria-hidden=\"true\"><span class=\"woocommerce-Price-amount amount\">16,95&nbsp;<span class=\"woocommerce-Price-currencySymbol\">&euro;<\/span><\/span><\/ins><span class=\"screen-reader-text\">Current price is: 16,95&nbsp;&euro;.<\/span> <small class=\"woocommerce-price-suffix\">IVA inclu\u00eddo<\/small><\/div>\n\t\t\t\t\n\t\t\t\t<div class=\"wp-block-button wc-block-grid__product-add-to-cart\"><a href=\"\/en\/index.php\/wp-json\/wp\/v2\/pages\/10?add-to-cart=1834\" aria-label=\"Add to basket: &ldquo;Test Guide&rdquo;\" data-quantity=\"1\" data-product_id=\"1834\" data-product_sku=\"\" data-price=\"16.95\" rel=\"nofollow\" class=\"wp-block-button__link  add_to_cart_button ajax_add_to_cart\">Add to basket<\/a><\/div>\n\t\t\t<\/li><\/ul><\/div><\/div>\n<\/div>\n","protected":false},"excerpt":{"rendered":"","protected":false},"author":1,"featured_media":1998,"parent":0,"menu_order":0,"comment_status":"closed","ping_status":"closed","template":"","meta":{"loftocean_post_format_gallery":"","loftocean_post_format_gallery_ids":"","loftocean_post_format_gallery_urls":"","loftocean_post_format_video_id":0,"loftocean_post_format_video_url":"","loftocean_post_format_video_type":"","loftocean_post_format_video":"","loftocean_post_format_audio_type":"","loftocean_post_format_audio_url":"","loftocean_post_format_audio_id":0,"loftocean_post_format_audio":"","loftocean-featured-post":"","loftocean-like-count":0,"loftocean-view-count":0,"loftocean-enable-content-navigation":"","loftocean-content-navigation-position":"","loftocean-content-navigation-heading":"","loftocean-content-navigation-label":"","loftocean-content-navigation-icon":"","loftocean-map-location":"","loftocean-map-latlng":"","loftocean-map-auto-latlng":"","eaven_single_post_hide_thumbnail":"","eaven_single_post_template":"","eaven_single_post_sidebar":"","eaven_hide_before_page_content_ad":"","eaven_hide_after_page_content_ad":"","eaven_advanced_classname":"","footnotes":""},"class_list":["post-10","page","type-page","status-publish","has-post-thumbnail"],"yoast_head":"<!-- This site is optimized with the Yoast SEO plugin v27.5 - https:\/\/yoast.com\/product\/yoast-seo-wordpress\/ -->\n<title>Basket<\/title>\n<meta name=\"robots\" content=\"index, follow, max-snippet:-1, max-image-preview:large, max-video-preview:-1\" \/>\n<link rel=\"canonical\" href=\"https:\/\/tripsonthemoon.com\/en\/index.php\/carrito\/\" \/>\n<meta property=\"og:locale\" content=\"en_GB\" \/>\n<meta property=\"og:locale:alternate\" content=\"es_ES\" \/>\n<meta property=\"og:type\" content=\"article\" \/>\n<meta property=\"og:title\" content=\"Basket\" \/>\n<meta property=\"og:url\" content=\"https:\/\/tripsonthemoon.com\/en\/index.php\/carrito\/\" \/>\n<meta property=\"og:site_name\" content=\"Trips on the Moon\" \/>\n<meta property=\"article:modified_time\" content=\"2023-11-27T20:30:20+00:00\" \/>\n<meta property=\"og:image\" content=\"https:\/\/tripsonthemoon.com\/wp-content\/uploads\/2023\/11\/57205407-0183-4449-b894-898ab13f7044.jpg\" \/>\n\t<meta property=\"og:image:width\" content=\"1024\" \/>\n\t<meta property=\"og:image:height\" content=\"1024\" \/>\n\t<meta property=\"og:image:type\" content=\"image\/jpeg\" \/>\n<meta name=\"twitter:card\" content=\"summary_large_image\" \/>\n<meta name=\"twitter:label1\" content=\"Estimated reading time\" \/>\n\t<meta name=\"twitter:data1\" content=\"1 minute\" \/>\n<script type=\"application\/ld+json\" class=\"yoast-schema-graph\">{\"@context\":\"https:\\\/\\\/schema.org\",\"@graph\":[{\"@type\":\"WebPage\",\"@id\":\"https:\\\/\\\/tripsonthemoon.com\\\/index.php\\\/carrito\\\/\",\"url\":\"https:\\\/\\\/tripsonthemoon.com\\\/index.php\\\/carrito\\\/\",\"name\":\"Basket\",\"isPartOf\":{\"@id\":\"https:\\\/\\\/tripsonthemoon.com\\\/#website\"},\"primaryImageOfPage\":{\"@id\":\"https:\\\/\\\/tripsonthemoon.com\\\/index.php\\\/carrito\\\/#primaryimage\"},\"image\":{\"@id\":\"https:\\\/\\\/tripsonthemoon.com\\\/index.php\\\/carrito\\\/#primaryimage\"},\"thumbnailUrl\":\"https:\\\/\\\/tripsonthemoon.com\\\/wp-content\\\/uploads\\\/2023\\\/11\\\/57205407-0183-4449-b894-898ab13f7044.jpg\",\"datePublished\":\"2023-11-17T23:40:14+00:00\",\"dateModified\":\"2023-11-27T20:30:20+00:00\",\"breadcrumb\":{\"@id\":\"https:\\\/\\\/tripsonthemoon.com\\\/index.php\\\/carrito\\\/#breadcrumb\"},\"inLanguage\":\"en-GB\",\"potentialAction\":[{\"@type\":\"ReadAction\",\"target\":[\"https:\\\/\\\/tripsonthemoon.com\\\/index.php\\\/carrito\\\/\"]}]},{\"@type\":\"ImageObject\",\"inLanguage\":\"en-GB\",\"@id\":\"https:\\\/\\\/tripsonthemoon.com\\\/index.php\\\/carrito\\\/#primaryimage\",\"url\":\"https:\\\/\\\/tripsonthemoon.com\\\/wp-content\\\/uploads\\\/2023\\\/11\\\/57205407-0183-4449-b894-898ab13f7044.jpg\",\"contentUrl\":\"https:\\\/\\\/tripsonthemoon.com\\\/wp-content\\\/uploads\\\/2023\\\/11\\\/57205407-0183-4449-b894-898ab13f7044.jpg\",\"width\":1024,\"height\":1024},{\"@type\":\"BreadcrumbList\",\"@id\":\"https:\\\/\\\/tripsonthemoon.com\\\/index.php\\\/carrito\\\/#breadcrumb\",\"itemListElement\":[{\"@type\":\"ListItem\",\"position\":1,\"name\":\"Portada\",\"item\":\"https:\\\/\\\/tripsonthemoon.com\\\/\"},{\"@type\":\"ListItem\",\"position\":2,\"name\":\"Carrito\"}]},{\"@type\":\"WebSite\",\"@id\":\"https:\\\/\\\/tripsonthemoon.com\\\/#website\",\"url\":\"https:\\\/\\\/tripsonthemoon.com\\\/\",\"name\":\"Trips on the Moon\",\"description\":\"Viaja m\u00e1s all\u00e1 de la Luna\",\"publisher\":{\"@id\":\"https:\\\/\\\/tripsonthemoon.com\\\/#organization\"},\"potentialAction\":[{\"@type\":\"SearchAction\",\"target\":{\"@type\":\"EntryPoint\",\"urlTemplate\":\"https:\\\/\\\/tripsonthemoon.com\\\/?s={search_term_string}\"},\"query-input\":{\"@type\":\"PropertyValueSpecification\",\"valueRequired\":true,\"valueName\":\"search_term_string\"}}],\"inLanguage\":\"en-GB\"},{\"@type\":\"Organization\",\"@id\":\"https:\\\/\\\/tripsonthemoon.com\\\/#organization\",\"name\":\"Trips on the Moon\",\"url\":\"https:\\\/\\\/tripsonthemoon.com\\\/\",\"logo\":{\"@type\":\"ImageObject\",\"inLanguage\":\"en-GB\",\"@id\":\"https:\\\/\\\/tripsonthemoon.com\\\/#\\\/schema\\\/logo\\\/image\\\/\",\"url\":\"https:\\\/\\\/tripsonthemoon.com\\\/wp-content\\\/uploads\\\/2023\\\/11\\\/cropped-Captura_de_pantalla_2023-11-29_124727-removebg-preview-1.png\",\"contentUrl\":\"https:\\\/\\\/tripsonthemoon.com\\\/wp-content\\\/uploads\\\/2023\\\/11\\\/cropped-Captura_de_pantalla_2023-11-29_124727-removebg-preview-1.png\",\"width\":951,\"height\":105,\"caption\":\"Trips on the Moon\"},\"image\":{\"@id\":\"https:\\\/\\\/tripsonthemoon.com\\\/#\\\/schema\\\/logo\\\/image\\\/\"}}]}<\/script>\n<!-- \/ Yoast SEO plugin. -->","yoast_head_json":{"title":"Basket","robots":{"index":"index","follow":"follow","max-snippet":"max-snippet:-1","max-image-preview":"max-image-preview:large","max-video-preview":"max-video-preview:-1"},"canonical":"https:\/\/tripsonthemoon.com\/en\/index.php\/carrito\/","og_locale":"en_GB","og_type":"article","og_title":"[:en]Basket[:es]Carrito[:] - Trips on the Moon","og_url":"https:\/\/tripsonthemoon.com\/en\/index.php\/carrito\/","og_site_name":"Trips on the Moon","article_modified_time":"2023-11-27T20:30:20+00:00","og_image":[{"width":1024,"height":1024,"url":"https:\/\/tripsonthemoon.com\/wp-content\/uploads\/2023\/11\/57205407-0183-4449-b894-898ab13f7044.jpg","type":"image\/jpeg"}],"twitter_card":"summary_large_image","twitter_misc":{"Estimated reading time":"1 minute"},"schema":{"@context":"https:\/\/schema.org","@graph":[{"@type":"WebPage","@id":"https:\/\/tripsonthemoon.com\/index.php\/carrito\/","url":"https:\/\/tripsonthemoon.com\/index.php\/carrito\/","name":"Basket","isPartOf":{"@id":"https:\/\/tripsonthemoon.com\/#website"},"primaryImageOfPage":{"@id":"https:\/\/tripsonthemoon.com\/index.php\/carrito\/#primaryimage"},"image":{"@id":"https:\/\/tripsonthemoon.com\/index.php\/carrito\/#primaryimage"},"thumbnailUrl":"https:\/\/tripsonthemoon.com\/wp-content\/uploads\/2023\/11\/57205407-0183-4449-b894-898ab13f7044.jpg","datePublished":"2023-11-17T23:40:14+00:00","dateModified":"2023-11-27T20:30:20+00:00","breadcrumb":{"@id":"https:\/\/tripsonthemoon.com\/index.php\/carrito\/#breadcrumb"},"inLanguage":"en-GB","potentialAction":[{"@type":"ReadAction","target":["https:\/\/tripsonthemoon.com\/index.php\/carrito\/"]}]},{"@type":"ImageObject","inLanguage":"en-GB","@id":"https:\/\/tripsonthemoon.com\/index.php\/carrito\/#primaryimage","url":"https:\/\/tripsonthemoon.com\/wp-content\/uploads\/2023\/11\/57205407-0183-4449-b894-898ab13f7044.jpg","contentUrl":"https:\/\/tripsonthemoon.com\/wp-content\/uploads\/2023\/11\/57205407-0183-4449-b894-898ab13f7044.jpg","width":1024,"height":1024},{"@type":"BreadcrumbList","@id":"https:\/\/tripsonthemoon.com\/index.php\/carrito\/#breadcrumb","itemListElement":[{"@type":"ListItem","position":1,"name":"Portada","item":"https:\/\/tripsonthemoon.com\/"},{"@type":"ListItem","position":2,"name":"Carrito"}]},{"@type":"WebSite","@id":"https:\/\/tripsonthemoon.com\/#website","url":"https:\/\/tripsonthemoon.com\/","name":"Trips on the Moon","description":"Viaja m\u00e1s all\u00e1 de la Luna","publisher":{"@id":"https:\/\/tripsonthemoon.com\/#organization"},"potentialAction":[{"@type":"SearchAction","target":{"@type":"EntryPoint","urlTemplate":"https:\/\/tripsonthemoon.com\/?s={search_term_string}"},"query-input":{"@type":"PropertyValueSpecification","valueRequired":true,"valueName":"search_term_string"}}],"inLanguage":"en-GB"},{"@type":"Organization","@id":"https:\/\/tripsonthemoon.com\/#organization","name":"Trips on the Moon","url":"https:\/\/tripsonthemoon.com\/","logo":{"@type":"ImageObject","inLanguage":"en-GB","@id":"https:\/\/tripsonthemoon.com\/#\/schema\/logo\/image\/","url":"https:\/\/tripsonthemoon.com\/wp-content\/uploads\/2023\/11\/cropped-Captura_de_pantalla_2023-11-29_124727-removebg-preview-1.png","contentUrl":"https:\/\/tripsonthemoon.com\/wp-content\/uploads\/2023\/11\/cropped-Captura_de_pantalla_2023-11-29_124727-removebg-preview-1.png","width":951,"height":105,"caption":"Trips on the Moon"},"image":{"@id":"https:\/\/tripsonthemoon.com\/#\/schema\/logo\/image\/"}}]}},"jetpack-related-posts":[{"id":1192,"url":"https:\/\/tripsonthemoon.com\/en\/index.php\/about-me\/","url_meta":{"origin":10,"position":0},"title":"About me","author":"damian","date":"6 de October de 2019","format":false,"excerpt":"[:en] Thank you for visiting my website. Hello! I'm Miriam. Traveler, blogger and photography lover. I was born and reaised in Spain, specifically in the city of Valladolid. A few years ago I moved north and now I live in Bilbao. I have traveled to more than 12 countries around\u2026","rel":"","context":"Similar post","block_context":{"text":"Similar post","link":""},"img":{"alt_text":"","src":"https:\/\/i0.wp.com\/tripsonthemoon.com\/wp-content\/uploads\/2019\/05\/eaven-placeholder-3.png?resize=350%2C200&ssl=1","width":350,"height":200,"srcset":"https:\/\/i0.wp.com\/tripsonthemoon.com\/wp-content\/uploads\/2019\/05\/eaven-placeholder-3.png?resize=350%2C200&ssl=1 1x, https:\/\/i0.wp.com\/tripsonthemoon.com\/wp-content\/uploads\/2019\/05\/eaven-placeholder-3.png?resize=525%2C300&ssl=1 1.5x, https:\/\/i0.wp.com\/tripsonthemoon.com\/wp-content\/uploads\/2019\/05\/eaven-placeholder-3.png?resize=700%2C400&ssl=1 2x, https:\/\/i0.wp.com\/tripsonthemoon.com\/wp-content\/uploads\/2019\/05\/eaven-placeholder-3.png?resize=1050%2C600&ssl=1 3x, https:\/\/i0.wp.com\/tripsonthemoon.com\/wp-content\/uploads\/2019\/05\/eaven-placeholder-3.png?resize=1400%2C800&ssl=1 4x"},"classes":[]},{"id":609,"url":"https:\/\/tripsonthemoon.com\/en\/index.php\/contact\/","url_meta":{"origin":10,"position":1},"title":"Contact","author":"damian","date":"22 de September de 2019","format":false,"excerpt":"[:en]\u00a1Thanks for contacting me! If you have questions about a specific trip, you can use the Comments section and from there I will be happy to answer your question. This helps other travelers with same question benefit from the answer. If you prefer a more personal response, do not hesitate\u2026","rel":"","context":"Similar post","block_context":{"text":"Similar post","link":""},"img":{"alt_text":"","src":"https:\/\/i0.wp.com\/tripsonthemoon.com\/wp-content\/uploads\/2023\/11\/6c2a253b-0cc1-43c1-ab6b-ce77d72cb5b9.jpg?resize=350%2C200&ssl=1","width":350,"height":200,"srcset":"https:\/\/i0.wp.com\/tripsonthemoon.com\/wp-content\/uploads\/2023\/11\/6c2a253b-0cc1-43c1-ab6b-ce77d72cb5b9.jpg?resize=350%2C200&ssl=1 1x, https:\/\/i0.wp.com\/tripsonthemoon.com\/wp-content\/uploads\/2023\/11\/6c2a253b-0cc1-43c1-ab6b-ce77d72cb5b9.jpg?resize=525%2C300&ssl=1 1.5x, https:\/\/i0.wp.com\/tripsonthemoon.com\/wp-content\/uploads\/2023\/11\/6c2a253b-0cc1-43c1-ab6b-ce77d72cb5b9.jpg?resize=700%2C400&ssl=1 2x"},"classes":[]},{"id":1709,"url":"https:\/\/tripsonthemoon.com\/en\/index.php\/terminos-y-conciones-newsletter\/","url_meta":{"origin":10,"position":2},"title":"Newsletter Terms and Conditions","author":"damian","date":"19 de November de 2023","format":false,"excerpt":"[:en] Los presentes t\u00e9rminos y condiciones regulan la suscripci\u00f3n a la newsletter denominada Newsletter de la p\u00e1gina web Trips On The Moon. Para poder recibir la Newsletter el suscriptor que desee darse de alta deber\u00e1 cumplimentar el formulario habilitado a tal efecto y aceptar los presentes t\u00e9rminos y condiciones. En\u2026","rel":"","context":"Similar post","block_context":{"text":"Similar post","link":""},"img":{"alt_text":"","src":"","width":0,"height":0},"classes":[]}],"jetpack_sharing_enabled":true,"_links":{"self":[{"href":"https:\/\/tripsonthemoon.com\/en\/index.php\/wp-json\/wp\/v2\/pages\/10","targetHints":{"allow":["GET"]}}],"collection":[{"href":"https:\/\/tripsonthemoon.com\/en\/index.php\/wp-json\/wp\/v2\/pages"}],"about":[{"href":"https:\/\/tripsonthemoon.com\/en\/index.php\/wp-json\/wp\/v2\/types\/page"}],"author":[{"embeddable":true,"href":"https:\/\/tripsonthemoon.com\/en\/index.php\/wp-json\/wp\/v2\/users\/1"}],"replies":[{"embeddable":true,"href":"https:\/\/tripsonthemoon.com\/en\/index.php\/wp-json\/wp\/v2\/comments?post=10"}],"version-history":[{"count":4,"href":"https:\/\/tripsonthemoon.com\/en\/index.php\/wp-json\/wp\/v2\/pages\/10\/revisions"}],"predecessor-version":[{"id":2043,"href":"https:\/\/tripsonthemoon.com\/en\/index.php\/wp-json\/wp\/v2\/pages\/10\/revisions\/2043"}],"wp:featuredmedia":[{"embeddable":true,"href":"https:\/\/tripsonthemoon.com\/en\/index.php\/wp-json\/wp\/v2\/media\/1998"}],"wp:attachment":[{"href":"https:\/\/tripsonthemoon.com\/en\/index.php\/wp-json\/wp\/v2\/media?parent=10"}],"curies":[{"name":"wp","href":"https:\/\/api.w.org\/{rel}","templated":true}]}}