{"id":1834,"date":"2023-11-21T16:08:58","date_gmt":"2023-11-21T15:08:58","guid":{"rendered":"https:\/\/tripsonthemoon.com\/?post_type=product&#038;p=1834"},"modified":"2023-12-09T23:51:31","modified_gmt":"2023-12-09T22:51:31","slug":"guia-de-prueba","status":"publish","type":"product","link":"https:\/\/tripsonthemoon.com\/en\/index.php\/producto\/guia-de-prueba\/","title":{"rendered":"Test Guide"},"content":{"rendered":"<p><img decoding=\"async\" class=\"alignnone size-medium wp-image-1609\" src=\"https:\/\/tripsonthemoon.com\/wp-content\/uploads\/2023\/11\/giraffes-3456351_1280-300x200.jpg\" alt=\"\" width=\"300\" height=\"200\" srcset=\"https:\/\/tripsonthemoon.com\/wp-content\/uploads\/2023\/11\/giraffes-3456351_1280-300x200.jpg 300w, https:\/\/tripsonthemoon.com\/wp-content\/uploads\/2023\/11\/giraffes-3456351_1280-600x400.jpg 600w, https:\/\/tripsonthemoon.com\/wp-content\/uploads\/2023\/11\/giraffes-3456351_1280-1024x682.jpg 1024w, https:\/\/tripsonthemoon.com\/wp-content\/uploads\/2023\/11\/giraffes-3456351_1280-768x512.jpg 768w, https:\/\/tripsonthemoon.com\/wp-content\/uploads\/2023\/11\/giraffes-3456351_1280-1200x800.jpg 1200w, https:\/\/tripsonthemoon.com\/wp-content\/uploads\/2023\/11\/giraffes-3456351_1280.jpg 1280w\" sizes=\"(max-width: 300px) 100vw, 300px\" \/>Esta es la descripci\u00f3n de Una Guia de Prueba. Para realizar pruebas de un producto descargable.<\/p>\n","protected":false},"excerpt":{"rendered":"<p>Esta es la descripci\u00f3n corta de la gu\u00eda gratuita.<\/p>\n","protected":false},"featured_media":2104,"comment_status":"open","ping_status":"closed","template":"","meta":{"loftocean_post_format_gallery":"","loftocean_post_format_gallery_ids":"","loftocean_post_format_gallery_urls":"","loftocean_post_format_video_id":0,"loftocean_post_format_video_url":"","loftocean_post_format_video_type":"","loftocean_post_format_video":"","loftocean_post_format_audio_type":"","loftocean_post_format_audio_url":"","loftocean_post_format_audio_id":0,"loftocean_post_format_audio":"","loftocean-featured-post":"","loftocean-like-count":0,"loftocean-view-count":0,"loftocean-enable-content-navigation":"","loftocean-content-navigation-position":"","loftocean-content-navigation-heading":"","loftocean-content-navigation-label":"","loftocean-content-navigation-icon":"","loftocean-map-location":"","loftocean-map-latlng":"","loftocean-map-auto-latlng":"","eaven_single_post_hide_thumbnail":"","eaven_single_post_template":"","eaven_single_post_sidebar":"","eaven_hide_before_page_content_ad":"","eaven_hide_after_page_content_ad":"","eaven_advanced_classname":""},"product_brand":[],"product_cat":[163,164],"product_tag":[168],"class_list":{"0":"post-1834","1":"product","2":"type-product","3":"status-publish","4":"has-post-thumbnail","6":"product_cat-guias-completas","7":"product_cat-noruega","8":"product_tag-producto-digital","10":"first","11":"instock","12":"sale","13":"downloadable","14":"virtual","15":"taxable","16":"purchasable","17":"product-type-simple"},"yoast_head":"<!-- This site is optimized with the Yoast SEO plugin v27.5 - https:\/\/yoast.com\/product\/yoast-seo-wordpress\/ -->\n<title>Test Guide<\/title>\n<meta name=\"robots\" content=\"index, follow, max-snippet:-1, max-image-preview:large, max-video-preview:-1\" \/>\n<link rel=\"canonical\" href=\"https:\/\/tripsonthemoon.com\/en\/index.php\/producto\/guia-de-prueba\/\" \/>\n<meta property=\"og:locale\" content=\"en_GB\" \/>\n<meta property=\"og:locale:alternate\" content=\"es_ES\" \/>\n<meta property=\"og:type\" content=\"article\" \/>\n<meta property=\"og:title\" content=\"Test Guide\" \/>\n<meta property=\"og:description\" content=\"Esta es la descripci\u00f3n corta de la gu\u00eda gratuita.\" \/>\n<meta property=\"og:url\" content=\"https:\/\/tripsonthemoon.com\/en\/index.php\/producto\/guia-de-prueba\/\" \/>\n<meta property=\"og:site_name\" content=\"Trips on the Moon\" \/>\n<meta property=\"article:modified_time\" content=\"2023-12-09T22:51:31+00:00\" \/>\n<meta property=\"og:image\" content=\"https:\/\/tripsonthemoon.com\/wp-content\/uploads\/2023\/11\/Guia-Completa-de-Noruega.jpg\" \/>\n\t<meta property=\"og:image:width\" content=\"1024\" \/>\n\t<meta property=\"og:image:height\" content=\"1024\" \/>\n\t<meta property=\"og:image:type\" content=\"image\/jpeg\" \/>\n<meta name=\"twitter:card\" content=\"summary_large_image\" \/>\n<meta name=\"twitter:label1\" content=\"Estimated reading time\" \/>\n\t<meta name=\"twitter:data1\" content=\"1 minute\" \/>\n<script type=\"application\/ld+json\" class=\"yoast-schema-graph\">{\"@context\":\"https:\\\/\\\/schema.org\",\"@graph\":[{\"@type\":\"WebPage\",\"@id\":\"https:\\\/\\\/tripsonthemoon.com\\\/index.php\\\/producto\\\/guia-de-prueba\\\/\",\"url\":\"https:\\\/\\\/tripsonthemoon.com\\\/index.php\\\/producto\\\/guia-de-prueba\\\/\",\"name\":\"Test Guide\",\"isPartOf\":{\"@id\":\"https:\\\/\\\/tripsonthemoon.com\\\/#website\"},\"primaryImageOfPage\":{\"@id\":\"https:\\\/\\\/tripsonthemoon.com\\\/index.php\\\/producto\\\/guia-de-prueba\\\/#primaryimage\"},\"image\":{\"@id\":\"https:\\\/\\\/tripsonthemoon.com\\\/index.php\\\/producto\\\/guia-de-prueba\\\/#primaryimage\"},\"thumbnailUrl\":\"https:\\\/\\\/tripsonthemoon.com\\\/wp-content\\\/uploads\\\/2023\\\/11\\\/Guia-Completa-de-Noruega.jpg\",\"datePublished\":\"2023-11-21T15:08:58+00:00\",\"dateModified\":\"2023-12-09T22:51:31+00:00\",\"breadcrumb\":{\"@id\":\"https:\\\/\\\/tripsonthemoon.com\\\/index.php\\\/producto\\\/guia-de-prueba\\\/#breadcrumb\"},\"inLanguage\":\"en-GB\",\"potentialAction\":[{\"@type\":\"ReadAction\",\"target\":[\"https:\\\/\\\/tripsonthemoon.com\\\/index.php\\\/producto\\\/guia-de-prueba\\\/\"]}]},{\"@type\":\"ImageObject\",\"inLanguage\":\"en-GB\",\"@id\":\"https:\\\/\\\/tripsonthemoon.com\\\/index.php\\\/producto\\\/guia-de-prueba\\\/#primaryimage\",\"url\":\"https:\\\/\\\/tripsonthemoon.com\\\/wp-content\\\/uploads\\\/2023\\\/11\\\/Guia-Completa-de-Noruega.jpg\",\"contentUrl\":\"https:\\\/\\\/tripsonthemoon.com\\\/wp-content\\\/uploads\\\/2023\\\/11\\\/Guia-Completa-de-Noruega.jpg\",\"width\":1024,\"height\":1024},{\"@type\":\"BreadcrumbList\",\"@id\":\"https:\\\/\\\/tripsonthemoon.com\\\/index.php\\\/producto\\\/guia-de-prueba\\\/#breadcrumb\",\"itemListElement\":[{\"@type\":\"ListItem\",\"position\":1,\"name\":\"Portada\",\"item\":\"https:\\\/\\\/tripsonthemoon.com\\\/\"},{\"@type\":\"ListItem\",\"position\":2,\"name\":\"Tienda\",\"item\":\"https:\\\/\\\/tripsonthemoon.com\\\/index.php\\\/tienda\\\/\"},{\"@type\":\"ListItem\",\"position\":3,\"name\":\"Gu\u00eda Completa de Noruega\"}]},{\"@type\":\"WebSite\",\"@id\":\"https:\\\/\\\/tripsonthemoon.com\\\/#website\",\"url\":\"https:\\\/\\\/tripsonthemoon.com\\\/\",\"name\":\"Trips on the Moon\",\"description\":\"Viaja m\u00e1s all\u00e1 de la Luna\",\"publisher\":{\"@id\":\"https:\\\/\\\/tripsonthemoon.com\\\/#organization\"},\"potentialAction\":[{\"@type\":\"SearchAction\",\"target\":{\"@type\":\"EntryPoint\",\"urlTemplate\":\"https:\\\/\\\/tripsonthemoon.com\\\/?s={search_term_string}\"},\"query-input\":{\"@type\":\"PropertyValueSpecification\",\"valueRequired\":true,\"valueName\":\"search_term_string\"}}],\"inLanguage\":\"en-GB\"},{\"@type\":\"Organization\",\"@id\":\"https:\\\/\\\/tripsonthemoon.com\\\/#organization\",\"name\":\"Trips on the Moon\",\"url\":\"https:\\\/\\\/tripsonthemoon.com\\\/\",\"logo\":{\"@type\":\"ImageObject\",\"inLanguage\":\"en-GB\",\"@id\":\"https:\\\/\\\/tripsonthemoon.com\\\/#\\\/schema\\\/logo\\\/image\\\/\",\"url\":\"https:\\\/\\\/tripsonthemoon.com\\\/wp-content\\\/uploads\\\/2023\\\/11\\\/cropped-Captura_de_pantalla_2023-11-29_124727-removebg-preview-1.png\",\"contentUrl\":\"https:\\\/\\\/tripsonthemoon.com\\\/wp-content\\\/uploads\\\/2023\\\/11\\\/cropped-Captura_de_pantalla_2023-11-29_124727-removebg-preview-1.png\",\"width\":951,\"height\":105,\"caption\":\"Trips on the Moon\"},\"image\":{\"@id\":\"https:\\\/\\\/tripsonthemoon.com\\\/#\\\/schema\\\/logo\\\/image\\\/\"}}]}<\/script>\n<!-- \/ Yoast SEO plugin. -->","yoast_head_json":{"title":"Test Guide","robots":{"index":"index","follow":"follow","max-snippet":"max-snippet:-1","max-image-preview":"max-image-preview:large","max-video-preview":"max-video-preview:-1"},"canonical":"https:\/\/tripsonthemoon.com\/en\/index.php\/producto\/guia-de-prueba\/","og_locale":"en_GB","og_type":"article","og_title":"[:en]Test Guide[:es]Gu\u00eda Completa de Noruega[:] - Trips on the Moon","og_description":"Esta es la descripci\u00f3n corta de la gu\u00eda gratuita.","og_url":"https:\/\/tripsonthemoon.com\/en\/index.php\/producto\/guia-de-prueba\/","og_site_name":"Trips on the Moon","article_modified_time":"2023-12-09T22:51:31+00:00","og_image":[{"width":1024,"height":1024,"url":"https:\/\/tripsonthemoon.com\/wp-content\/uploads\/2023\/11\/Guia-Completa-de-Noruega.jpg","type":"image\/jpeg"}],"twitter_card":"summary_large_image","twitter_misc":{"Estimated reading time":"1 minute"},"schema":{"@context":"https:\/\/schema.org","@graph":[{"@type":"WebPage","@id":"https:\/\/tripsonthemoon.com\/index.php\/producto\/guia-de-prueba\/","url":"https:\/\/tripsonthemoon.com\/index.php\/producto\/guia-de-prueba\/","name":"Test Guide","isPartOf":{"@id":"https:\/\/tripsonthemoon.com\/#website"},"primaryImageOfPage":{"@id":"https:\/\/tripsonthemoon.com\/index.php\/producto\/guia-de-prueba\/#primaryimage"},"image":{"@id":"https:\/\/tripsonthemoon.com\/index.php\/producto\/guia-de-prueba\/#primaryimage"},"thumbnailUrl":"https:\/\/tripsonthemoon.com\/wp-content\/uploads\/2023\/11\/Guia-Completa-de-Noruega.jpg","datePublished":"2023-11-21T15:08:58+00:00","dateModified":"2023-12-09T22:51:31+00:00","breadcrumb":{"@id":"https:\/\/tripsonthemoon.com\/index.php\/producto\/guia-de-prueba\/#breadcrumb"},"inLanguage":"en-GB","potentialAction":[{"@type":"ReadAction","target":["https:\/\/tripsonthemoon.com\/index.php\/producto\/guia-de-prueba\/"]}]},{"@type":"ImageObject","inLanguage":"en-GB","@id":"https:\/\/tripsonthemoon.com\/index.php\/producto\/guia-de-prueba\/#primaryimage","url":"https:\/\/tripsonthemoon.com\/wp-content\/uploads\/2023\/11\/Guia-Completa-de-Noruega.jpg","contentUrl":"https:\/\/tripsonthemoon.com\/wp-content\/uploads\/2023\/11\/Guia-Completa-de-Noruega.jpg","width":1024,"height":1024},{"@type":"BreadcrumbList","@id":"https:\/\/tripsonthemoon.com\/index.php\/producto\/guia-de-prueba\/#breadcrumb","itemListElement":[{"@type":"ListItem","position":1,"name":"Portada","item":"https:\/\/tripsonthemoon.com\/"},{"@type":"ListItem","position":2,"name":"Tienda","item":"https:\/\/tripsonthemoon.com\/index.php\/tienda\/"},{"@type":"ListItem","position":3,"name":"Gu\u00eda Completa de Noruega"}]},{"@type":"WebSite","@id":"https:\/\/tripsonthemoon.com\/#website","url":"https:\/\/tripsonthemoon.com\/","name":"Trips on the Moon","description":"Viaja m\u00e1s all\u00e1 de la Luna","publisher":{"@id":"https:\/\/tripsonthemoon.com\/#organization"},"potentialAction":[{"@type":"SearchAction","target":{"@type":"EntryPoint","urlTemplate":"https:\/\/tripsonthemoon.com\/?s={search_term_string}"},"query-input":{"@type":"PropertyValueSpecification","valueRequired":true,"valueName":"search_term_string"}}],"inLanguage":"en-GB"},{"@type":"Organization","@id":"https:\/\/tripsonthemoon.com\/#organization","name":"Trips on the Moon","url":"https:\/\/tripsonthemoon.com\/","logo":{"@type":"ImageObject","inLanguage":"en-GB","@id":"https:\/\/tripsonthemoon.com\/#\/schema\/logo\/image\/","url":"https:\/\/tripsonthemoon.com\/wp-content\/uploads\/2023\/11\/cropped-Captura_de_pantalla_2023-11-29_124727-removebg-preview-1.png","contentUrl":"https:\/\/tripsonthemoon.com\/wp-content\/uploads\/2023\/11\/cropped-Captura_de_pantalla_2023-11-29_124727-removebg-preview-1.png","width":951,"height":105,"caption":"Trips on the Moon"},"image":{"@id":"https:\/\/tripsonthemoon.com\/#\/schema\/logo\/image\/"}}]}},"jetpack-related-posts":[{"id":2105,"url":"https:\/\/tripsonthemoon.com\/en\/index.php\/producto\/guia-completa-de-noruega\/","url_meta":{"origin":1834,"position":0},"title":"Test Guide","author":"damian","date":"9 de December de 2023","format":false,"excerpt":"[:en]Esta es la descripci\u00f3n corta de la gu\u00eda gratuita.[:es]Esta es la gu\u00eda completa de Viaje en coche a trav\u00e9s del sur de Noruega. En ella podr\u00e1s encontrar todos los datos necesarios para realizar tu viaje de 9 d\u00edas y 8 noches en este fabuloso pa\u00eds del norte de Europa. La\u2026","rel":"","context":"Similar post","block_context":{"text":"Similar post","link":""},"img":{"alt_text":"","src":"https:\/\/i0.wp.com\/tripsonthemoon.com\/wp-content\/uploads\/2023\/12\/Guia-Completa-de-Islandia.jpg?resize=350%2C200&ssl=1","width":350,"height":200,"srcset":"https:\/\/i0.wp.com\/tripsonthemoon.com\/wp-content\/uploads\/2023\/12\/Guia-Completa-de-Islandia.jpg?resize=350%2C200&ssl=1 1x, https:\/\/i0.wp.com\/tripsonthemoon.com\/wp-content\/uploads\/2023\/12\/Guia-Completa-de-Islandia.jpg?resize=525%2C300&ssl=1 1.5x, https:\/\/i0.wp.com\/tripsonthemoon.com\/wp-content\/uploads\/2023\/12\/Guia-Completa-de-Islandia.jpg?resize=700%2C400&ssl=1 2x"},"classes":[]},{"id":2131,"url":"https:\/\/tripsonthemoon.com\/en\/index.php\/producto\/guia-completa-de-noruega-2\/","url_meta":{"origin":1834,"position":1},"title":"Test Guide","author":"damian","date":"10 de December de 2023","format":false,"excerpt":"[:en]Esta es la descripci\u00f3n corta de la gu\u00eda gratuita.[:es] Esta es la gu\u00eda completa de Viaje en coche a trav\u00e9s del sur de Noruega. En ella podr\u00e1s encontrar todos los datos necesarios para realizar tu viaje de 9 d\u00edas y 8 noches en este fabuloso pa\u00eds del norte de Europa.\u2026","rel":"","context":"Similar post","block_context":{"text":"Similar post","link":""},"img":{"alt_text":"","src":"https:\/\/i0.wp.com\/tripsonthemoon.com\/wp-content\/uploads\/2023\/12\/4e5f989f-1173-4c56-ad52-9abfdb73b30a.jpg?resize=350%2C200&ssl=1","width":350,"height":200,"srcset":"https:\/\/i0.wp.com\/tripsonthemoon.com\/wp-content\/uploads\/2023\/12\/4e5f989f-1173-4c56-ad52-9abfdb73b30a.jpg?resize=350%2C200&ssl=1 1x, https:\/\/i0.wp.com\/tripsonthemoon.com\/wp-content\/uploads\/2023\/12\/4e5f989f-1173-4c56-ad52-9abfdb73b30a.jpg?resize=525%2C300&ssl=1 1.5x, https:\/\/i0.wp.com\/tripsonthemoon.com\/wp-content\/uploads\/2023\/12\/4e5f989f-1173-4c56-ad52-9abfdb73b30a.jpg?resize=700%2C400&ssl=1 2x"},"classes":[]},{"id":2107,"url":"https:\/\/tripsonthemoon.com\/en\/index.php\/producto\/guia-completa-de-islandia\/","url_meta":{"origin":1834,"position":2},"title":"Test Guide","author":"damian","date":"9 de December de 2023","format":false,"excerpt":"[:en]Esta es la descripci\u00f3n corta de la gu\u00eda gratuita.[:es]Esta es la gu\u00eda completa de Viaje en coche a trav\u00e9s del sur de Noruega. En ella podr\u00e1s encontrar todos los datos necesarios para realizar tu viaje de 9 d\u00edas y 8 noches en este fabuloso pa\u00eds del norte de Europa. La\u2026","rel":"","context":"Similar post","block_context":{"text":"Similar post","link":""},"img":{"alt_text":"","src":"https:\/\/i0.wp.com\/tripsonthemoon.com\/wp-content\/uploads\/2023\/12\/Guia-Completa-de-Travesia-por-el-Nilo.jpg?resize=350%2C200&ssl=1","width":350,"height":200,"srcset":"https:\/\/i0.wp.com\/tripsonthemoon.com\/wp-content\/uploads\/2023\/12\/Guia-Completa-de-Travesia-por-el-Nilo.jpg?resize=350%2C200&ssl=1 1x, https:\/\/i0.wp.com\/tripsonthemoon.com\/wp-content\/uploads\/2023\/12\/Guia-Completa-de-Travesia-por-el-Nilo.jpg?resize=525%2C300&ssl=1 1.5x, https:\/\/i0.wp.com\/tripsonthemoon.com\/wp-content\/uploads\/2023\/12\/Guia-Completa-de-Travesia-por-el-Nilo.jpg?resize=700%2C400&ssl=1 2x"},"classes":[]}],"jetpack_sharing_enabled":true,"_links":{"self":[{"href":"https:\/\/tripsonthemoon.com\/en\/index.php\/wp-json\/wp\/v2\/product\/1834","targetHints":{"allow":["GET"]}}],"collection":[{"href":"https:\/\/tripsonthemoon.com\/en\/index.php\/wp-json\/wp\/v2\/product"}],"about":[{"href":"https:\/\/tripsonthemoon.com\/en\/index.php\/wp-json\/wp\/v2\/types\/product"}],"replies":[{"embeddable":true,"href":"https:\/\/tripsonthemoon.com\/en\/index.php\/wp-json\/wp\/v2\/comments?post=1834"}],"wp:featuredmedia":[{"embeddable":true,"href":"https:\/\/tripsonthemoon.com\/en\/index.php\/wp-json\/wp\/v2\/media\/2104"}],"wp:attachment":[{"href":"https:\/\/tripsonthemoon.com\/en\/index.php\/wp-json\/wp\/v2\/media?parent=1834"}],"wp:term":[{"taxonomy":"product_brand","embeddable":true,"href":"https:\/\/tripsonthemoon.com\/en\/index.php\/wp-json\/wp\/v2\/product_brand?post=1834"},{"taxonomy":"product_cat","embeddable":true,"href":"https:\/\/tripsonthemoon.com\/en\/index.php\/wp-json\/wp\/v2\/product_cat?post=1834"},{"taxonomy":"product_tag","embeddable":true,"href":"https:\/\/tripsonthemoon.com\/en\/index.php\/wp-json\/wp\/v2\/product_tag?post=1834"}],"curies":[{"name":"wp","href":"https:\/\/api.w.org\/{rel}","templated":true}]}}