{"id":1192,"date":"2019-10-06T09:00:52","date_gmt":"2019-10-06T09:00:52","guid":{"rendered":"https:\/\/demo.loftocean.com\/eaven-travel\/?page_id=1192"},"modified":"2024-10-17T13:48:31","modified_gmt":"2024-10-17T11:48:31","slug":"about-me","status":"publish","type":"page","link":"https:\/\/tripsonthemoon.com\/index.php\/about-me\/","title":{"rendered":"Sobre m\u00ed"},"content":{"rendered":"\n<div class=\"wp-block-media-text alignwide\" style=\"grid-template-columns:44% auto\"><figure class=\"wp-block-media-text__media\"><img decoding=\"async\" width=\"1024\" height=\"683\" src=\"https:\/\/tripsonthemoon.com\/wp-content\/uploads\/2024\/10\/DSC0520-1024x683.jpg\" alt=\"\" class=\"wp-image-2330 size-full\" srcset=\"https:\/\/tripsonthemoon.com\/wp-content\/uploads\/2024\/10\/DSC0520-1024x683.jpg 1024w, https:\/\/tripsonthemoon.com\/wp-content\/uploads\/2024\/10\/DSC0520-300x200.jpg 300w, https:\/\/tripsonthemoon.com\/wp-content\/uploads\/2024\/10\/DSC0520-768x512.jpg 768w, https:\/\/tripsonthemoon.com\/wp-content\/uploads\/2024\/10\/DSC0520-1536x1024.jpg 1536w, https:\/\/tripsonthemoon.com\/wp-content\/uploads\/2024\/10\/DSC0520-2048x1365.jpg 2048w, https:\/\/tripsonthemoon.com\/wp-content\/uploads\/2024\/10\/DSC0520-1920x1280.jpg 1920w, https:\/\/tripsonthemoon.com\/wp-content\/uploads\/2024\/10\/DSC0520-1440x960.jpg 1440w, https:\/\/tripsonthemoon.com\/wp-content\/uploads\/2024\/10\/DSC0520-1200x800.jpg 1200w, https:\/\/tripsonthemoon.com\/wp-content\/uploads\/2024\/10\/DSC0520-600x400.jpg 600w\" sizes=\"(max-width: 1024px) 100vw, 1024px\" \/><\/figure><div class=\"wp-block-media-text__content\">\n<h2 class=\"wp-block-heading\">Muchas gracias por visitar mi sitio web.<\/h2>\n\n\n\n<p>\u00a1Hola! Soy Miriam. Viajera, blogger y amante de la fotograf\u00eda. Nac\u00ed y crec\u00ed en Espa\u00f1a, concretamente en la ciudad de Valladolid. Hace unos a\u00f1os me mud\u00e9 al norte y ahora resido en  Bilbao.<\/p>\n\n\n\n<p>He viajado a m\u00e1s de 20 pa\u00edses alrededor del mundo desde 2017. Por lo que esta web es una ventana para que puedas descubrir los destinos que he visitado y los que est\u00e1n por venir.<\/p>\n\n\n\n<p>A lo largo de los viajes que he recorrido, me he dado cuenta de que soy una gran amante de la naturaleza, prefiero este tipo de paisajes m\u00e1s que cualquier playa paradisiaca, por lo que los viajes que m\u00e1s me han marcado han sido la costa oeste o los pa\u00edses n\u00f3rdicos. Siempre busco una excusa para recorrer destinos que me hagan conectar con la fauna salvaje y disfrutar de los paisajes naturales que nos ofrece este impresionante planeta.<\/p>\n\n\n\n<p>Espero que te inspire y recibas consejos \u00fatiles para poder vivir tus propias aventuras. Busquemos algunos lugares bonitos para perdernos.<\/p>\n\n\n\n<p>\u00bfQuieres saber m\u00e1s? Lee las <strong>Preguntas m\u00e1s frecuentes<\/strong>.<\/p>\n<\/div><\/div>\n\n\n\n<div style=\"height:50px\" aria-hidden=\"true\" class=\"wp-block-spacer\"><\/div>\n\n\n\n<div class=\"wp-block-cover alignfull has-parallax is-light\"><span aria-hidden=\"true\" class=\"wp-block-cover__background has-background-dim-60 has-background-dim\" style=\"background-color:#330d5a\"><\/span><div class=\"wp-block-cover__image-background wp-image-1120 has-parallax\" style=\"background-position:50% 50%;background-image:url(https:\/\/demo.loftocean.com\/eaven-travel\/wp-content\/uploads\/sites\/41\/2019\/05\/dorian-mongel-340528.jpg)\"><\/div><div class=\"wp-block-cover__inner-container is-layout-flow wp-block-cover-is-layout-flow\">\n<p class=\"has-text-align-center has-large-font-size\">\u00abViajar enriquece mi manera de pensar y me abre la mente a otras culturas. Recordar lugares, descubrir destinos y recorrer pa\u00edses es lo que hace sentirme viva\u00bb<\/p>\n<\/div><\/div>\n\n\n\n<div style=\"height:50px\" aria-hidden=\"true\" class=\"wp-block-spacer\"><\/div>\n\n\n\n<div class=\"wp-block-columns has-2-columns is-layout-flex wp-container-core-columns-is-layout-9d6595d7 wp-block-columns-is-layout-flex\">\n<div class=\"wp-block-column is-layout-flow wp-block-column-is-layout-flow\">\n<h5 class=\"wp-block-heading\">Preguntas frecuentes<\/h5>\n\n\n\n<div class=\"wp-block-loftocean-shortcode-accordions lo-accordions accordions\" data-open-default=\"0\">\n<div class=\"accordion-item\"><div class=\"accordion-title\"><span class=\"accordion-icon\"><\/span><span class=\"title\">\u00bfC\u00f3mo lo hago para viajar tanto?<\/span><\/div><div class=\"accordion-content\">\n<p>Actualmente trabajo por cuenta ajena pero ello no me impide viajar con frecuencia. Adem\u00e1s gracias a Trips on the Moon puedo viajar m\u00e1s a\u00fan de lo que ya lo hac\u00eda.<\/p>\n<\/div><\/div>\n\n\n\n<div class=\"accordion-item\"><div class=\"accordion-title\"><span class=\"accordion-icon\"><\/span><span class=\"title\">\u00bfC\u00f3mo constru\u00ed mi blog y red social?<\/span><\/div><div class=\"accordion-content\">\n<p>Esto viene a ra\u00edz de la idea de querer mostrar al mundo lo que veo y vivo en mis viajes. Por eso me anim\u00e9 a crear de un hobby una manera de vivir y tratar de cambiar el rumbo a mi vida profesional uniendo mis dos pasiones, la fotograf\u00eda y los viajes.<\/p>\n<\/div><\/div>\n\n\n\n<div class=\"accordion-item\"><div class=\"accordion-title\"><span class=\"accordion-icon\"><\/span><span class=\"title\">\u00bfCon qu\u00e9 frecuencia viajo? \u00bfViajo sola o en compa\u00f1\u00eda?<\/span><\/div><div class=\"accordion-content\">\n<p>Intento realizar un viaje m\u00ednimo cada 3 meses. Suelo viajar casi siempre en compa\u00f1\u00eda de mi pareja, el cual adem\u00e1s colabora en la p\u00e1gina web de manera profesional.<\/p>\n<\/div><\/div>\n<\/div>\n<\/div>\n\n\n\n<div class=\"wp-block-column is-layout-flow wp-block-column-is-layout-flow\">\n<h5 class=\"wp-block-heading\">Colaboraciones<\/h5>\n\n\n\n<div class=\"wp-block-loftocean-shortcode-accordions lo-accordions accordions\" data-open-default=\"0\">\n<div class=\"accordion-item\"><div class=\"accordion-title\"><span class=\"accordion-icon\"><\/span><span class=\"title\">\u00bfAceptas escribir un art\u00edculo para promocionar un sitio?<\/span><\/div><div class=\"accordion-content\">\n<p>En este punto habr\u00eda que valorar la oportunidad y ver si es adecuado al contenido que suelo publicar.<\/p>\n<\/div><\/div>\n\n\n\n<div class=\"accordion-item\"><div class=\"accordion-title\"><span class=\"accordion-icon\"><\/span><span class=\"title\">Estoy interesado en publicar colaboraciones patrocinadas.<\/span><\/div><div class=\"accordion-content\">\n<p>\u00a1Por supuesto! Si quieres enviarme tu propuesta, ponte en contacto conmigo a trav\u00e9s del <strong><a href=\"https:\/\/tripsonthemoon.com\/index.php\/contact\/\">Formulario de Contacto<\/a><\/strong>.<\/p>\n<\/div><\/div>\n\n\n\n<div class=\"accordion-item\"><div class=\"accordion-title\"><span class=\"accordion-icon\"><\/span><span class=\"title\">Las fotos son muy bonitas. \u00bfEst\u00e1s disponible para trabajos de fotograf\u00eda?<\/span><\/div><div class=\"accordion-content\">\n<p>\u00a1Claro! Si quieres que valore tu propuesta, escr\u00edbeme por email a  <strong>hola.triposonthemoon@gmail.com<\/strong> o bien a trav\u00e9s del <strong><a href=\"https:\/\/tripsonthemoon.com\/index.php\/contact\/\">Formulario de Contacto<\/a><\/strong>.<\/p>\n<\/div><\/div>\n<\/div>\n<\/div>\n<\/div>\n\n\n\n\n","protected":false},"excerpt":{"rendered":"<p>Muchas gracias por visitar mi sitio web. \u00a1Hola! Soy Miriam. Viajera, blogger y amante de la fotograf\u00eda. Nac\u00ed y crec\u00ed en Espa\u00f1a, concretamente en la ciudad de Valladolid. Hace unos a\u00f1os me mud\u00e9 al norte y ahora resido en Bilbao. He viajado a m\u00e1s de 20 pa\u00edses alrededor del mundo desde 2017. Por lo que &#8230;<\/p>\n","protected":false},"author":1,"featured_media":1251,"parent":0,"menu_order":0,"comment_status":"closed","ping_status":"closed","template":"template-no-sidebar.php","meta":{"loftocean_post_format_gallery":"","loftocean_post_format_gallery_ids":"","loftocean_post_format_gallery_urls":"","loftocean_post_format_video_id":0,"loftocean_post_format_video_url":"","loftocean_post_format_video_type":"","loftocean_post_format_video":"","loftocean_post_format_audio_type":"","loftocean_post_format_audio_url":"","loftocean_post_format_audio_id":0,"loftocean_post_format_audio":"","loftocean-featured-post":"","loftocean-like-count":0,"loftocean-view-count":0,"loftocean-enable-content-navigation":"","loftocean-content-navigation-position":"","loftocean-content-navigation-heading":"h3","loftocean-content-navigation-label":"","loftocean-content-navigation-icon":"","loftocean-map-location":"","loftocean-map-latlng":"","loftocean-map-auto-latlng":"","eaven_single_post_hide_thumbnail":"","eaven_single_post_template":"","eaven_single_post_sidebar":"","eaven_hide_before_page_content_ad":"","eaven_hide_after_page_content_ad":"","eaven_advanced_classname":"","footnotes":""},"class_list":["post-1192","page","type-page","status-publish","has-post-thumbnail"],"yoast_head":"<!-- This site is optimized with the Yoast SEO plugin v27.5 - https:\/\/yoast.com\/product\/yoast-seo-wordpress\/ -->\n<title>Sobre m\u00ed<\/title>\n<meta name=\"robots\" content=\"index, follow, max-snippet:-1, max-image-preview:large, max-video-preview:-1\" \/>\n<link rel=\"canonical\" href=\"https:\/\/tripsonthemoon.com\/index.php\/about-me\/\" \/>\n<meta property=\"og:locale\" content=\"es_ES\" \/>\n<meta property=\"og:locale:alternate\" content=\"en_GB\" \/>\n<meta property=\"og:type\" content=\"article\" \/>\n<meta property=\"og:title\" content=\"Sobre m\u00ed\" \/>\n<meta property=\"og:description\" content=\"Muchas gracias por visitar mi sitio web. \u00a1Hola! Soy Miriam. Viajera, blogger y amante de la fotograf\u00eda. Nac\u00ed y crec\u00ed en Espa\u00f1a, concretamente en la ciudad de Valladolid. Hace unos a\u00f1os me mud\u00e9 al norte y ahora resido en Bilbao. He viajado a m\u00e1s de 20 pa\u00edses alrededor del mundo desde 2017. Por lo que ...\" \/>\n<meta property=\"og:url\" content=\"https:\/\/tripsonthemoon.com\/index.php\/about-me\/\" \/>\n<meta property=\"og:site_name\" content=\"Trips on the Moon\" \/>\n<meta property=\"article:modified_time\" content=\"2024-10-17T11:48:31+00:00\" \/>\n<meta property=\"og:image\" content=\"https:\/\/tripsonthemoon.com\/wp-content\/uploads\/2019\/05\/eaven-placeholder-3.png\" \/>\n\t<meta property=\"og:image:width\" content=\"1920\" \/>\n\t<meta property=\"og:image:height\" content=\"1280\" \/>\n\t<meta property=\"og:image:type\" content=\"image\/png\" \/>\n<meta name=\"twitter:card\" content=\"summary_large_image\" \/>\n<meta name=\"twitter:label1\" content=\"Tiempo de lectura\" \/>\n\t<meta name=\"twitter:data1\" content=\"3 minutos\" \/>\n<script type=\"application\/ld+json\" class=\"yoast-schema-graph\">{\"@context\":\"https:\\\/\\\/schema.org\",\"@graph\":[{\"@type\":\"WebPage\",\"@id\":\"https:\\\/\\\/tripsonthemoon.com\\\/index.php\\\/about-me\\\/\",\"url\":\"https:\\\/\\\/tripsonthemoon.com\\\/index.php\\\/about-me\\\/\",\"name\":\"Sobre m\u00ed\",\"isPartOf\":{\"@id\":\"https:\\\/\\\/tripsonthemoon.com\\\/#website\"},\"primaryImageOfPage\":{\"@id\":\"https:\\\/\\\/tripsonthemoon.com\\\/index.php\\\/about-me\\\/#primaryimage\"},\"image\":{\"@id\":\"https:\\\/\\\/tripsonthemoon.com\\\/index.php\\\/about-me\\\/#primaryimage\"},\"thumbnailUrl\":\"https:\\\/\\\/tripsonthemoon.com\\\/wp-content\\\/uploads\\\/2019\\\/05\\\/eaven-placeholder-3.png\",\"datePublished\":\"2019-10-06T09:00:52+00:00\",\"dateModified\":\"2024-10-17T11:48:31+00:00\",\"breadcrumb\":{\"@id\":\"https:\\\/\\\/tripsonthemoon.com\\\/index.php\\\/about-me\\\/#breadcrumb\"},\"inLanguage\":\"es-ES\",\"potentialAction\":[{\"@type\":\"ReadAction\",\"target\":[\"https:\\\/\\\/tripsonthemoon.com\\\/index.php\\\/about-me\\\/\"]}]},{\"@type\":\"ImageObject\",\"inLanguage\":\"es-ES\",\"@id\":\"https:\\\/\\\/tripsonthemoon.com\\\/index.php\\\/about-me\\\/#primaryimage\",\"url\":\"https:\\\/\\\/tripsonthemoon.com\\\/wp-content\\\/uploads\\\/2019\\\/05\\\/eaven-placeholder-3.png\",\"contentUrl\":\"https:\\\/\\\/tripsonthemoon.com\\\/wp-content\\\/uploads\\\/2019\\\/05\\\/eaven-placeholder-3.png\",\"width\":1920,\"height\":1280},{\"@type\":\"BreadcrumbList\",\"@id\":\"https:\\\/\\\/tripsonthemoon.com\\\/index.php\\\/about-me\\\/#breadcrumb\",\"itemListElement\":[{\"@type\":\"ListItem\",\"position\":1,\"name\":\"Portada\",\"item\":\"https:\\\/\\\/tripsonthemoon.com\\\/\"},{\"@type\":\"ListItem\",\"position\":2,\"name\":\"Sobre m\u00ed\"}]},{\"@type\":\"WebSite\",\"@id\":\"https:\\\/\\\/tripsonthemoon.com\\\/#website\",\"url\":\"https:\\\/\\\/tripsonthemoon.com\\\/\",\"name\":\"Trips on the Moon\",\"description\":\"Viaja m\u00e1s all\u00e1 de la Luna\",\"publisher\":{\"@id\":\"https:\\\/\\\/tripsonthemoon.com\\\/#organization\"},\"potentialAction\":[{\"@type\":\"SearchAction\",\"target\":{\"@type\":\"EntryPoint\",\"urlTemplate\":\"https:\\\/\\\/tripsonthemoon.com\\\/?s={search_term_string}\"},\"query-input\":{\"@type\":\"PropertyValueSpecification\",\"valueRequired\":true,\"valueName\":\"search_term_string\"}}],\"inLanguage\":\"es-ES\"},{\"@type\":\"Organization\",\"@id\":\"https:\\\/\\\/tripsonthemoon.com\\\/#organization\",\"name\":\"Trips on the Moon\",\"url\":\"https:\\\/\\\/tripsonthemoon.com\\\/\",\"logo\":{\"@type\":\"ImageObject\",\"inLanguage\":\"es-ES\",\"@id\":\"https:\\\/\\\/tripsonthemoon.com\\\/#\\\/schema\\\/logo\\\/image\\\/\",\"url\":\"https:\\\/\\\/tripsonthemoon.com\\\/wp-content\\\/uploads\\\/2023\\\/11\\\/cropped-Captura_de_pantalla_2023-11-29_124727-removebg-preview-1.png\",\"contentUrl\":\"https:\\\/\\\/tripsonthemoon.com\\\/wp-content\\\/uploads\\\/2023\\\/11\\\/cropped-Captura_de_pantalla_2023-11-29_124727-removebg-preview-1.png\",\"width\":951,\"height\":105,\"caption\":\"Trips on the Moon\"},\"image\":{\"@id\":\"https:\\\/\\\/tripsonthemoon.com\\\/#\\\/schema\\\/logo\\\/image\\\/\"}}]}<\/script>\n<!-- \/ Yoast SEO plugin. -->","yoast_head_json":{"title":"Sobre m\u00ed","robots":{"index":"index","follow":"follow","max-snippet":"max-snippet:-1","max-image-preview":"max-image-preview:large","max-video-preview":"max-video-preview:-1"},"canonical":"https:\/\/tripsonthemoon.com\/index.php\/about-me\/","og_locale":"es_ES","og_type":"article","og_title":"[:en]About me[:es]Sobre m\u00ed[:] - Trips on the Moon","og_description":"Muchas gracias por visitar mi sitio web. \u00a1Hola! Soy Miriam. Viajera, blogger y amante de la fotograf\u00eda. Nac\u00ed y crec\u00ed en Espa\u00f1a, concretamente en la ciudad de Valladolid. Hace unos a\u00f1os me mud\u00e9 al norte y ahora resido en Bilbao. He viajado a m\u00e1s de 20 pa\u00edses alrededor del mundo desde 2017. Por lo que ...","og_url":"https:\/\/tripsonthemoon.com\/index.php\/about-me\/","og_site_name":"Trips on the Moon","article_modified_time":"2024-10-17T11:48:31+00:00","og_image":[{"width":1920,"height":1280,"url":"https:\/\/tripsonthemoon.com\/wp-content\/uploads\/2019\/05\/eaven-placeholder-3.png","type":"image\/png"}],"twitter_card":"summary_large_image","twitter_misc":{"Tiempo de lectura":"3 minutos"},"schema":{"@context":"https:\/\/schema.org","@graph":[{"@type":"WebPage","@id":"https:\/\/tripsonthemoon.com\/index.php\/about-me\/","url":"https:\/\/tripsonthemoon.com\/index.php\/about-me\/","name":"Sobre m\u00ed","isPartOf":{"@id":"https:\/\/tripsonthemoon.com\/#website"},"primaryImageOfPage":{"@id":"https:\/\/tripsonthemoon.com\/index.php\/about-me\/#primaryimage"},"image":{"@id":"https:\/\/tripsonthemoon.com\/index.php\/about-me\/#primaryimage"},"thumbnailUrl":"https:\/\/tripsonthemoon.com\/wp-content\/uploads\/2019\/05\/eaven-placeholder-3.png","datePublished":"2019-10-06T09:00:52+00:00","dateModified":"2024-10-17T11:48:31+00:00","breadcrumb":{"@id":"https:\/\/tripsonthemoon.com\/index.php\/about-me\/#breadcrumb"},"inLanguage":"es-ES","potentialAction":[{"@type":"ReadAction","target":["https:\/\/tripsonthemoon.com\/index.php\/about-me\/"]}]},{"@type":"ImageObject","inLanguage":"es-ES","@id":"https:\/\/tripsonthemoon.com\/index.php\/about-me\/#primaryimage","url":"https:\/\/tripsonthemoon.com\/wp-content\/uploads\/2019\/05\/eaven-placeholder-3.png","contentUrl":"https:\/\/tripsonthemoon.com\/wp-content\/uploads\/2019\/05\/eaven-placeholder-3.png","width":1920,"height":1280},{"@type":"BreadcrumbList","@id":"https:\/\/tripsonthemoon.com\/index.php\/about-me\/#breadcrumb","itemListElement":[{"@type":"ListItem","position":1,"name":"Portada","item":"https:\/\/tripsonthemoon.com\/"},{"@type":"ListItem","position":2,"name":"Sobre m\u00ed"}]},{"@type":"WebSite","@id":"https:\/\/tripsonthemoon.com\/#website","url":"https:\/\/tripsonthemoon.com\/","name":"Trips on the Moon","description":"Viaja m\u00e1s all\u00e1 de la Luna","publisher":{"@id":"https:\/\/tripsonthemoon.com\/#organization"},"potentialAction":[{"@type":"SearchAction","target":{"@type":"EntryPoint","urlTemplate":"https:\/\/tripsonthemoon.com\/?s={search_term_string}"},"query-input":{"@type":"PropertyValueSpecification","valueRequired":true,"valueName":"search_term_string"}}],"inLanguage":"es-ES"},{"@type":"Organization","@id":"https:\/\/tripsonthemoon.com\/#organization","name":"Trips on the Moon","url":"https:\/\/tripsonthemoon.com\/","logo":{"@type":"ImageObject","inLanguage":"es-ES","@id":"https:\/\/tripsonthemoon.com\/#\/schema\/logo\/image\/","url":"https:\/\/tripsonthemoon.com\/wp-content\/uploads\/2023\/11\/cropped-Captura_de_pantalla_2023-11-29_124727-removebg-preview-1.png","contentUrl":"https:\/\/tripsonthemoon.com\/wp-content\/uploads\/2023\/11\/cropped-Captura_de_pantalla_2023-11-29_124727-removebg-preview-1.png","width":951,"height":105,"caption":"Trips on the Moon"},"image":{"@id":"https:\/\/tripsonthemoon.com\/#\/schema\/logo\/image\/"}}]}},"jetpack-related-posts":[{"id":609,"url":"https:\/\/tripsonthemoon.com\/index.php\/contact\/","url_meta":{"origin":1192,"position":0},"title":"Contacto","author":"damian","date":"22 de septiembre de 2019","format":false,"excerpt":"[:en]\u00a1Thanks for contacting me! If you have questions about a specific trip, you can use the Comments section and from there I will be happy to answer your question. This helps other travelers with same question benefit from the answer. If you prefer a more personal response, do not hesitate\u2026","rel":"","context":"Entrada similar","block_context":{"text":"Entrada similar","link":""},"img":{"alt_text":"","src":"https:\/\/i0.wp.com\/tripsonthemoon.com\/wp-content\/uploads\/2023\/11\/6c2a253b-0cc1-43c1-ab6b-ce77d72cb5b9.jpg?resize=350%2C200&ssl=1","width":350,"height":200,"srcset":"https:\/\/i0.wp.com\/tripsonthemoon.com\/wp-content\/uploads\/2023\/11\/6c2a253b-0cc1-43c1-ab6b-ce77d72cb5b9.jpg?resize=350%2C200&ssl=1 1x, https:\/\/i0.wp.com\/tripsonthemoon.com\/wp-content\/uploads\/2023\/11\/6c2a253b-0cc1-43c1-ab6b-ce77d72cb5b9.jpg?resize=525%2C300&ssl=1 1.5x, https:\/\/i0.wp.com\/tripsonthemoon.com\/wp-content\/uploads\/2023\/11\/6c2a253b-0cc1-43c1-ab6b-ce77d72cb5b9.jpg?resize=700%2C400&ssl=1 2x"},"classes":[]},{"id":768,"url":"https:\/\/tripsonthemoon.com\/index.php\/tweet-it\/","url_meta":{"origin":1192,"position":1},"title":"Tweet It","author":"damian","date":"22 de septiembre de 2019","format":false,"excerpt":"Tweet Inline Sentence Lorem ipsum dolor sit amet, consectetur adipiscing elit. Suspendisse sit amet libero faucibus, finibus justo vitae, ultrices lectus. Quisque pharetra, lacus quis venenatis molestie, nibh tortor aliquam dui, id venenatis lectus metus id ipsum. Lorem ipsum dolor sit amet, consectetur adipiscing elit. Aenean in fringilla dui, nec\u2026","rel":"","context":"Entrada similar","block_context":{"text":"Entrada similar","link":""},"img":{"alt_text":"","src":"","width":0,"height":0},"classes":[]},{"id":770,"url":"https:\/\/tripsonthemoon.com\/index.php\/video-block\/","url_meta":{"origin":1192,"position":2},"title":"Video Block","author":"damian","date":"22 de septiembre de 2019","format":false,"excerpt":"Phasellus rhoncus eros nec ultricies luctus. Morbi suscipit pretium mi, eu faucibus odio fermentum sit amet. Pellentesque finibus dui quis odio vehicula gravida sit amet et nisi. Phasellus euismod sem nunc, ut efficitur massa imperdiet vitae. Donec vitae congue nulla. Vivamus non porta augue. \u00a0 Video Block Full Width Add\u2026","rel":"","context":"Entrada similar","block_context":{"text":"Entrada similar","link":""},"img":{"alt_text":"","src":"","width":0,"height":0},"classes":[]},{"id":1709,"url":"https:\/\/tripsonthemoon.com\/index.php\/terminos-y-conciones-newsletter\/","url_meta":{"origin":1192,"position":3},"title":"T\u00e9rminos y Condiciones de la Newsletter","author":"damian","date":"19 de noviembre de 2023","format":false,"excerpt":"[:en] Los presentes t\u00e9rminos y condiciones regulan la suscripci\u00f3n a la newsletter denominada Newsletter de la p\u00e1gina web Trips On The Moon. Para poder recibir la Newsletter el suscriptor que desee darse de alta deber\u00e1 cumplimentar el formulario habilitado a tal efecto y aceptar los presentes t\u00e9rminos y condiciones. En\u2026","rel":"","context":"Entrada similar","block_context":{"text":"Entrada similar","link":""},"img":{"alt_text":"","src":"","width":0,"height":0},"classes":[]},{"id":766,"url":"https:\/\/tripsonthemoon.com\/index.php\/tabs-accordions\/","url_meta":{"origin":1192,"position":4},"title":"Tabs &#038; Accordions","author":"damian","date":"22 de septiembre de 2019","format":false,"excerpt":"[:en]Tabs \u00a0 Tabs - Vertical \u00a0 Tabs and other shortcodes \u00a0 \u00a0 Accordions [:es]Tabs \u00a0 Tabs - Vertical \u00a0 Tabs and other shortcodes \u00a0 \u00a0 Accordions [:]","rel":"","context":"Entrada similar","block_context":{"text":"Entrada similar","link":""},"img":{"alt_text":"","src":"","width":0,"height":0},"classes":[]},{"id":764,"url":"https:\/\/tripsonthemoon.com\/index.php\/rows-columns\/","url_meta":{"origin":1192,"position":5},"title":"Rows &#038; Columns","author":"damian","date":"22 de septiembre de 2019","format":false,"excerpt":"[:en]1\/2 + 1\/2 1\/3 + 2\/3 2\/3 + 1\/3 1\/4 + 3\/4 1\/4 + 1\/2 + 1\/4 1\/5 + 4\/5 2\/5 + 3\/5 1\/5 + 2\/5 + 2\/5 3\/5 + 2\/5 [:es]1\/2 + 1\/2 1\/3 + 2\/3 2\/3 + 1\/3 1\/4 + 3\/4 1\/4 + 1\/2 + 1\/4 1\/5 +\u2026","rel":"","context":"Entrada similar","block_context":{"text":"Entrada similar","link":""},"img":{"alt_text":"","src":"","width":0,"height":0},"classes":[]}],"jetpack_sharing_enabled":true,"_links":{"self":[{"href":"https:\/\/tripsonthemoon.com\/index.php\/wp-json\/wp\/v2\/pages\/1192","targetHints":{"allow":["GET"]}}],"collection":[{"href":"https:\/\/tripsonthemoon.com\/index.php\/wp-json\/wp\/v2\/pages"}],"about":[{"href":"https:\/\/tripsonthemoon.com\/index.php\/wp-json\/wp\/v2\/types\/page"}],"author":[{"embeddable":true,"href":"https:\/\/tripsonthemoon.com\/index.php\/wp-json\/wp\/v2\/users\/1"}],"replies":[{"embeddable":true,"href":"https:\/\/tripsonthemoon.com\/index.php\/wp-json\/wp\/v2\/comments?post=1192"}],"version-history":[{"count":18,"href":"https:\/\/tripsonthemoon.com\/index.php\/wp-json\/wp\/v2\/pages\/1192\/revisions"}],"predecessor-version":[{"id":2589,"href":"https:\/\/tripsonthemoon.com\/index.php\/wp-json\/wp\/v2\/pages\/1192\/revisions\/2589"}],"wp:featuredmedia":[{"embeddable":true,"href":"https:\/\/tripsonthemoon.com\/index.php\/wp-json\/wp\/v2\/media\/1251"}],"wp:attachment":[{"href":"https:\/\/tripsonthemoon.com\/index.php\/wp-json\/wp\/v2\/media?parent=1192"}],"curies":[{"name":"wp","href":"https:\/\/api.w.org\/{rel}","templated":true}]}}