{"id":1709,"date":"2023-11-19T18:03:19","date_gmt":"2023-11-19T17:03:19","guid":{"rendered":"https:\/\/tripsonthemoon.com\/?page_id=1709"},"modified":"2023-11-21T10:05:00","modified_gmt":"2023-11-21T09:05:00","slug":"terminos-y-conciones-newsletter","status":"publish","type":"page","link":"https:\/\/tripsonthemoon.com\/index.php\/terminos-y-conciones-newsletter\/","title":{"rendered":"T\u00e9rminos y Condiciones de la Newsletter"},"content":{"rendered":"\n<p class=\"has-text-align-center\">Los presentes t\u00e9rminos y condiciones regulan la suscripci\u00f3n a la newsletter denominada Newsletter de la p\u00e1gina web Trips On The Moon. Para poder recibir la Newsletter el suscriptor que desee darse de alta deber\u00e1 cumplimentar el formulario habilitado a tal efecto y aceptar los presentes t\u00e9rminos y condiciones.<\/p>\n\n\n\n<p class=\"has-text-align-center\">En cumplimiento con lo dispuesto en la Ley Org\u00e1nica 15\/1999, de 13 de diciembre, de Protecci\u00f3n de Datos de Car\u00e1cter Personal y su normativa de desarrollo, Trips On The Moon pone en conocimiento del Suscriptor que los datos recabados a trav\u00e9s del Formulario ser\u00e1n incorporados a un fichero de datos de car\u00e1cter personal y garantiza la confidencialidad de los datos de car\u00e1cter personal facilitados y el cumplimiento de toda la normativa aplicable al efecto.<\/p>\n\n\n\n<p class=\"has-text-align-center\">Con la cumplimentaci\u00f3n del Formulario y aceptaci\u00f3n de los presentes Terminos y Condiciones, el Suscriptor autoriza a Trips On The Moon para que trate sus datos de car\u00e1cter personal con la finalidad de remitirle la Newsletter que contendr\u00e1 informaci\u00f3n relacionada con las \u00faltimas noticias relativas a la edici\u00f3n digital. El env\u00edo de la Newsletter se realizar\u00e1 de forma peri\u00f3dica a la direcci\u00f3n de correo electr\u00f3nico que el Suscriptor haya facilitado al efecto.<\/p>\n\n\n\n<p class=\"has-text-align-center\">El campo email que aparece en el Formulario es de obligada cumplimentaci\u00f3n, de tal modo que la omisi\u00f3n de este campo podr\u00eda comportar la imposibilidad de que se pueda atender su solicitud de suscripci\u00f3n a la Newsletter.<\/p>\n\n\n\n<p class=\"has-text-align-center\">El Suscriptor garantiza que todos los datos que aporta a trav\u00e9s del Formulario son exactos, completos, veraces y se encuentran debidamente actualizados. El Suscriptor deber\u00e1 comunicar a Trips On The Moon cualquier modificaci\u00f3n de sus datos personales a fin de que la informaci\u00f3n contenida en su fichero est\u00e9 en todo momento actualizada y no contenga errores. Todos los da\u00f1os o perjuicios que Trips On The Moon pudiera sufrir como consecuencia del incumplimiento de dicha obligaci\u00f3n ser\u00e1n responsabilidad del Suscriptor.<\/p>\n\n\n\n<p class=\"has-text-align-center\">Trips On The Moon no comunicar\u00e1 los datos del Suscriptor a terceras empresas, salvo autorizaci\u00f3n previa del Suscriptor y para las finalidades que se determinen en cada momento.<\/p>\n\n\n\n<p class=\"has-text-align-center\">El Suscriptor podr\u00e1 en cualquier momento darse de baja en la Newsletter a trav\u00e9s de la siguiente direcci\u00f3n de correo electr\u00f3nico&nbsp;<a href=\"mailto:hola.tripsonthemoon@gmail.com\" target=\"_blank\" rel=\"noreferrer noopener\">hola.tripsonthemoon@gmail.com<\/a>, asimismo todas las Newsletters contar\u00e1n con un link para gestionar la baja de la misma.<\/p>\n\n\n\n<p class=\"has-text-align-center\">Asimismo, el Suscriptor podr\u00e1 ejercitar en cualquier momento sus derechos de acceso, rectificaci\u00f3n, cancelaci\u00f3n y oposici\u00f3n al tratamiento de sus datos de car\u00e1cter personal mediante el env\u00edo de una notificaci\u00f3n por escrito a la siguiente direcci\u00f3n electr\u00f3nica: <a href=\"mailto:hola.tripsonthemoon@gmail.com\" target=\"_blank\" rel=\"noreferrer noopener\">hola.tripsonthemoon@gmail.com<\/a>&nbsp;, aportando copia de un documento acreditativo de su identidad.<\/p>\n\n\n\n<p class=\"has-text-align-center\">Los derechos de propiedad intelectual e industrial sobre la Newsletter, incluyendo la disposici\u00f3n de los contenidos, el dise\u00f1o gr\u00e1fico de la Newsletter, as\u00ed como los distintos elementos que integran la Newsletter (textos, gr\u00e1ficos, fotograf\u00edas, videos, grabaciones sonoras, etc.) (los \u201cContenidos\u201d), corresponden a Trips On The Moon o a sus licenciantes. Con respecto a los signos distintivos incluidos en la Newsletter (marcas y nombres comerciales) los mismos son titularidad de Trips On The Moon o de sus licenciantes. A tal efecto, mediante los presentes Terminos y Condiciones, salvo en aquellos supuestos en los que est\u00e9 legalmente permitido o medie previa autorizaci\u00f3n de Trips On The Moon, queda expresamente prohibido al Suscriptor la reproducci\u00f3n, transformaci\u00f3n, distribuci\u00f3n, comunicaci\u00f3n p\u00fablica, puesta a disposici\u00f3n, extracci\u00f3n y\/o reutilizaci\u00f3n de la Newsletter, sus Contenidos y\/o los signos distintivos de Trips On The Moon.<\/p>\n","protected":false},"excerpt":{"rendered":"<p>Los presentes t\u00e9rminos y condiciones regulan la suscripci\u00f3n a la newsletter denominada Newsletter de la p\u00e1gina web Trips On The Moon. Para poder recibir la Newsletter el suscriptor que desee darse de alta deber\u00e1 cumplimentar el formulario habilitado a tal efecto y aceptar los presentes t\u00e9rminos y condiciones. En cumplimiento con lo dispuesto en la &#8230;<\/p>\n","protected":false},"author":1,"featured_media":0,"parent":0,"menu_order":0,"comment_status":"closed","ping_status":"closed","template":"","meta":{"loftocean_post_format_gallery":"","loftocean_post_format_gallery_ids":"","loftocean_post_format_gallery_urls":"","loftocean_post_format_video_id":0,"loftocean_post_format_video_url":"","loftocean_post_format_video_type":"","loftocean_post_format_video":"","loftocean_post_format_audio_type":"","loftocean_post_format_audio_url":"","loftocean_post_format_audio_id":0,"loftocean_post_format_audio":"","loftocean-featured-post":"","loftocean-like-count":0,"loftocean-view-count":0,"loftocean-enable-content-navigation":"","loftocean-content-navigation-position":"","loftocean-content-navigation-heading":"","loftocean-content-navigation-label":"","loftocean-content-navigation-icon":"","loftocean-map-location":"","loftocean-map-latlng":"","loftocean-map-auto-latlng":"","eaven_single_post_hide_thumbnail":"","eaven_single_post_template":"","eaven_single_post_sidebar":"","eaven_hide_before_page_content_ad":"","eaven_hide_after_page_content_ad":"","eaven_advanced_classname":"","footnotes":""},"class_list":["post-1709","page","type-page","status-publish"],"yoast_head":"<!-- This site is optimized with the Yoast SEO plugin v27.5 - https:\/\/yoast.com\/product\/yoast-seo-wordpress\/ -->\n<title>T\u00e9rminos y Condiciones de la Newsletter<\/title>\n<meta name=\"robots\" content=\"index, follow, max-snippet:-1, max-image-preview:large, max-video-preview:-1\" \/>\n<link rel=\"canonical\" href=\"https:\/\/tripsonthemoon.com\/index.php\/terminos-y-conciones-newsletter\/\" \/>\n<meta property=\"og:locale\" content=\"es_ES\" \/>\n<meta property=\"og:locale:alternate\" content=\"en_GB\" \/>\n<meta property=\"og:type\" content=\"article\" \/>\n<meta property=\"og:title\" content=\"T\u00e9rminos y Condiciones de la Newsletter\" \/>\n<meta property=\"og:description\" content=\"Los presentes t\u00e9rminos y condiciones regulan la suscripci\u00f3n a la newsletter denominada Newsletter de la p\u00e1gina web Trips On The Moon. Para poder recibir la Newsletter el suscriptor que desee darse de alta deber\u00e1 cumplimentar el formulario habilitado a tal efecto y aceptar los presentes t\u00e9rminos y condiciones. En cumplimiento con lo dispuesto en la ...\" \/>\n<meta property=\"og:url\" content=\"https:\/\/tripsonthemoon.com\/index.php\/terminos-y-conciones-newsletter\/\" \/>\n<meta property=\"og:site_name\" content=\"Trips on the Moon\" \/>\n<meta property=\"article:modified_time\" content=\"2023-11-21T09:05:00+00:00\" \/>\n<meta name=\"twitter:card\" content=\"summary_large_image\" \/>\n<meta name=\"twitter:label1\" content=\"Tiempo de lectura\" \/>\n\t<meta name=\"twitter:data1\" content=\"3 minutos\" \/>\n<script type=\"application\/ld+json\" class=\"yoast-schema-graph\">{\"@context\":\"https:\\\/\\\/schema.org\",\"@graph\":[{\"@type\":\"WebPage\",\"@id\":\"https:\\\/\\\/tripsonthemoon.com\\\/en\\\/index.php\\\/terminos-y-conciones-newsletter\\\/\",\"url\":\"https:\\\/\\\/tripsonthemoon.com\\\/en\\\/index.php\\\/terminos-y-conciones-newsletter\\\/\",\"name\":\"T\u00e9rminos y Condiciones de la Newsletter\",\"isPartOf\":{\"@id\":\"https:\\\/\\\/tripsonthemoon.com\\\/#website\"},\"datePublished\":\"2023-11-19T17:03:19+00:00\",\"dateModified\":\"2023-11-21T09:05:00+00:00\",\"breadcrumb\":{\"@id\":\"https:\\\/\\\/tripsonthemoon.com\\\/en\\\/index.php\\\/terminos-y-conciones-newsletter\\\/#breadcrumb\"},\"inLanguage\":\"es-ES\",\"potentialAction\":[{\"@type\":\"ReadAction\",\"target\":[\"https:\\\/\\\/tripsonthemoon.com\\\/en\\\/index.php\\\/terminos-y-conciones-newsletter\\\/\"]}]},{\"@type\":\"BreadcrumbList\",\"@id\":\"https:\\\/\\\/tripsonthemoon.com\\\/en\\\/index.php\\\/terminos-y-conciones-newsletter\\\/#breadcrumb\",\"itemListElement\":[{\"@type\":\"ListItem\",\"position\":1,\"name\":\"Portada\",\"item\":\"https:\\\/\\\/tripsonthemoon.com\\\/\"},{\"@type\":\"ListItem\",\"position\":2,\"name\":\"Newsletter Terms and Conditions\"}]},{\"@type\":\"WebSite\",\"@id\":\"https:\\\/\\\/tripsonthemoon.com\\\/#website\",\"url\":\"https:\\\/\\\/tripsonthemoon.com\\\/\",\"name\":\"Trips on the Moon\",\"description\":\"Viaja m\u00e1s all\u00e1 de la Luna\",\"publisher\":{\"@id\":\"https:\\\/\\\/tripsonthemoon.com\\\/#organization\"},\"potentialAction\":[{\"@type\":\"SearchAction\",\"target\":{\"@type\":\"EntryPoint\",\"urlTemplate\":\"https:\\\/\\\/tripsonthemoon.com\\\/?s={search_term_string}\"},\"query-input\":{\"@type\":\"PropertyValueSpecification\",\"valueRequired\":true,\"valueName\":\"search_term_string\"}}],\"inLanguage\":\"es-ES\"},{\"@type\":\"Organization\",\"@id\":\"https:\\\/\\\/tripsonthemoon.com\\\/#organization\",\"name\":\"Trips on the Moon\",\"url\":\"https:\\\/\\\/tripsonthemoon.com\\\/\",\"logo\":{\"@type\":\"ImageObject\",\"inLanguage\":\"es-ES\",\"@id\":\"https:\\\/\\\/tripsonthemoon.com\\\/#\\\/schema\\\/logo\\\/image\\\/\",\"url\":\"https:\\\/\\\/tripsonthemoon.com\\\/wp-content\\\/uploads\\\/2023\\\/11\\\/cropped-Captura_de_pantalla_2023-11-29_124727-removebg-preview-1.png\",\"contentUrl\":\"https:\\\/\\\/tripsonthemoon.com\\\/wp-content\\\/uploads\\\/2023\\\/11\\\/cropped-Captura_de_pantalla_2023-11-29_124727-removebg-preview-1.png\",\"width\":951,\"height\":105,\"caption\":\"Trips on the Moon\"},\"image\":{\"@id\":\"https:\\\/\\\/tripsonthemoon.com\\\/#\\\/schema\\\/logo\\\/image\\\/\"}}]}<\/script>\n<!-- \/ Yoast SEO plugin. -->","yoast_head_json":{"title":"T\u00e9rminos y Condiciones de la Newsletter","robots":{"index":"index","follow":"follow","max-snippet":"max-snippet:-1","max-image-preview":"max-image-preview:large","max-video-preview":"max-video-preview:-1"},"canonical":"https:\/\/tripsonthemoon.com\/index.php\/terminos-y-conciones-newsletter\/","og_locale":"es_ES","og_type":"article","og_title":"[:en]Newsletter Terms and Conditions[:es]T\u00e9rminos y Condiciones de la Newsletter[:] - Trips on the Moon","og_description":"Los presentes t\u00e9rminos y condiciones regulan la suscripci\u00f3n a la newsletter denominada Newsletter de la p\u00e1gina web Trips On The Moon. Para poder recibir la Newsletter el suscriptor que desee darse de alta deber\u00e1 cumplimentar el formulario habilitado a tal efecto y aceptar los presentes t\u00e9rminos y condiciones. En cumplimiento con lo dispuesto en la ...","og_url":"https:\/\/tripsonthemoon.com\/index.php\/terminos-y-conciones-newsletter\/","og_site_name":"Trips on the Moon","article_modified_time":"2023-11-21T09:05:00+00:00","twitter_card":"summary_large_image","twitter_misc":{"Tiempo de lectura":"3 minutos"},"schema":{"@context":"https:\/\/schema.org","@graph":[{"@type":"WebPage","@id":"https:\/\/tripsonthemoon.com\/en\/index.php\/terminos-y-conciones-newsletter\/","url":"https:\/\/tripsonthemoon.com\/en\/index.php\/terminos-y-conciones-newsletter\/","name":"T\u00e9rminos y Condiciones de la Newsletter","isPartOf":{"@id":"https:\/\/tripsonthemoon.com\/#website"},"datePublished":"2023-11-19T17:03:19+00:00","dateModified":"2023-11-21T09:05:00+00:00","breadcrumb":{"@id":"https:\/\/tripsonthemoon.com\/en\/index.php\/terminos-y-conciones-newsletter\/#breadcrumb"},"inLanguage":"es-ES","potentialAction":[{"@type":"ReadAction","target":["https:\/\/tripsonthemoon.com\/en\/index.php\/terminos-y-conciones-newsletter\/"]}]},{"@type":"BreadcrumbList","@id":"https:\/\/tripsonthemoon.com\/en\/index.php\/terminos-y-conciones-newsletter\/#breadcrumb","itemListElement":[{"@type":"ListItem","position":1,"name":"Portada","item":"https:\/\/tripsonthemoon.com\/"},{"@type":"ListItem","position":2,"name":"Newsletter Terms and Conditions"}]},{"@type":"WebSite","@id":"https:\/\/tripsonthemoon.com\/#website","url":"https:\/\/tripsonthemoon.com\/","name":"Trips on the Moon","description":"Viaja m\u00e1s all\u00e1 de la Luna","publisher":{"@id":"https:\/\/tripsonthemoon.com\/#organization"},"potentialAction":[{"@type":"SearchAction","target":{"@type":"EntryPoint","urlTemplate":"https:\/\/tripsonthemoon.com\/?s={search_term_string}"},"query-input":{"@type":"PropertyValueSpecification","valueRequired":true,"valueName":"search_term_string"}}],"inLanguage":"es-ES"},{"@type":"Organization","@id":"https:\/\/tripsonthemoon.com\/#organization","name":"Trips on the Moon","url":"https:\/\/tripsonthemoon.com\/","logo":{"@type":"ImageObject","inLanguage":"es-ES","@id":"https:\/\/tripsonthemoon.com\/#\/schema\/logo\/image\/","url":"https:\/\/tripsonthemoon.com\/wp-content\/uploads\/2023\/11\/cropped-Captura_de_pantalla_2023-11-29_124727-removebg-preview-1.png","contentUrl":"https:\/\/tripsonthemoon.com\/wp-content\/uploads\/2023\/11\/cropped-Captura_de_pantalla_2023-11-29_124727-removebg-preview-1.png","width":951,"height":105,"caption":"Trips on the Moon"},"image":{"@id":"https:\/\/tripsonthemoon.com\/#\/schema\/logo\/image\/"}}]}},"jetpack-related-posts":[{"id":1192,"url":"https:\/\/tripsonthemoon.com\/index.php\/about-me\/","url_meta":{"origin":1709,"position":0},"title":"Sobre m\u00ed","author":"damian","date":"6 de octubre de 2019","format":false,"excerpt":"[:en] Thank you for visiting my website. Hello! I'm Miriam. Traveler, blogger and photography lover. I was born and reaised in Spain, specifically in the city of Valladolid. A few years ago I moved north and now I live in Bilbao. I have traveled to more than 12 countries around\u2026","rel":"","context":"Entrada similar","block_context":{"text":"Entrada similar","link":""},"img":{"alt_text":"","src":"https:\/\/i0.wp.com\/tripsonthemoon.com\/wp-content\/uploads\/2019\/05\/eaven-placeholder-3.png?resize=350%2C200&ssl=1","width":350,"height":200,"srcset":"https:\/\/i0.wp.com\/tripsonthemoon.com\/wp-content\/uploads\/2019\/05\/eaven-placeholder-3.png?resize=350%2C200&ssl=1 1x, https:\/\/i0.wp.com\/tripsonthemoon.com\/wp-content\/uploads\/2019\/05\/eaven-placeholder-3.png?resize=525%2C300&ssl=1 1.5x, https:\/\/i0.wp.com\/tripsonthemoon.com\/wp-content\/uploads\/2019\/05\/eaven-placeholder-3.png?resize=700%2C400&ssl=1 2x, https:\/\/i0.wp.com\/tripsonthemoon.com\/wp-content\/uploads\/2019\/05\/eaven-placeholder-3.png?resize=1050%2C600&ssl=1 3x, https:\/\/i0.wp.com\/tripsonthemoon.com\/wp-content\/uploads\/2019\/05\/eaven-placeholder-3.png?resize=1400%2C800&ssl=1 4x"},"classes":[]},{"id":609,"url":"https:\/\/tripsonthemoon.com\/index.php\/contact\/","url_meta":{"origin":1709,"position":1},"title":"Contacto","author":"damian","date":"22 de septiembre de 2019","format":false,"excerpt":"[:en]\u00a1Thanks for contacting me! If you have questions about a specific trip, you can use the Comments section and from there I will be happy to answer your question. This helps other travelers with same question benefit from the answer. If you prefer a more personal response, do not hesitate\u2026","rel":"","context":"Entrada similar","block_context":{"text":"Entrada similar","link":""},"img":{"alt_text":"","src":"https:\/\/i0.wp.com\/tripsonthemoon.com\/wp-content\/uploads\/2023\/11\/6c2a253b-0cc1-43c1-ab6b-ce77d72cb5b9.jpg?resize=350%2C200&ssl=1","width":350,"height":200,"srcset":"https:\/\/i0.wp.com\/tripsonthemoon.com\/wp-content\/uploads\/2023\/11\/6c2a253b-0cc1-43c1-ab6b-ce77d72cb5b9.jpg?resize=350%2C200&ssl=1 1x, https:\/\/i0.wp.com\/tripsonthemoon.com\/wp-content\/uploads\/2023\/11\/6c2a253b-0cc1-43c1-ab6b-ce77d72cb5b9.jpg?resize=525%2C300&ssl=1 1.5x, https:\/\/i0.wp.com\/tripsonthemoon.com\/wp-content\/uploads\/2023\/11\/6c2a253b-0cc1-43c1-ab6b-ce77d72cb5b9.jpg?resize=700%2C400&ssl=1 2x"},"classes":[]}],"jetpack_sharing_enabled":true,"_links":{"self":[{"href":"https:\/\/tripsonthemoon.com\/index.php\/wp-json\/wp\/v2\/pages\/1709","targetHints":{"allow":["GET"]}}],"collection":[{"href":"https:\/\/tripsonthemoon.com\/index.php\/wp-json\/wp\/v2\/pages"}],"about":[{"href":"https:\/\/tripsonthemoon.com\/index.php\/wp-json\/wp\/v2\/types\/page"}],"author":[{"embeddable":true,"href":"https:\/\/tripsonthemoon.com\/index.php\/wp-json\/wp\/v2\/users\/1"}],"replies":[{"embeddable":true,"href":"https:\/\/tripsonthemoon.com\/index.php\/wp-json\/wp\/v2\/comments?post=1709"}],"version-history":[{"count":7,"href":"https:\/\/tripsonthemoon.com\/index.php\/wp-json\/wp\/v2\/pages\/1709\/revisions"}],"predecessor-version":[{"id":1796,"href":"https:\/\/tripsonthemoon.com\/index.php\/wp-json\/wp\/v2\/pages\/1709\/revisions\/1796"}],"wp:attachment":[{"href":"https:\/\/tripsonthemoon.com\/index.php\/wp-json\/wp\/v2\/media?parent=1709"}],"curies":[{"name":"wp","href":"https:\/\/api.w.org\/{rel}","templated":true}]}}