{"id":2039,"date":"2023-12-09T16:09:46","date_gmt":"2023-12-09T15:09:46","guid":{"rendered":"https:\/\/tripsonthemoon.com\/?page_id=2039"},"modified":"2023-12-09T16:15:16","modified_gmt":"2023-12-09T15:15:16","slug":"suscribete","status":"publish","type":"page","link":"https:\/\/tripsonthemoon.com\/index.php\/suscribete\/","title":{"rendered":"Suscr\u00edbete"},"content":{"rendered":"<script>(function() {\n\twindow.mc4wp = window.mc4wp || {\n\t\tlisteners: [],\n\t\tforms: {\n\t\t\ton: function(evt, cb) {\n\t\t\t\twindow.mc4wp.listeners.push(\n\t\t\t\t\t{\n\t\t\t\t\t\tevent   : evt,\n\t\t\t\t\t\tcallback: cb\n\t\t\t\t\t}\n\t\t\t\t);\n\t\t\t}\n\t\t}\n\t}\n})();\n<\/script><!-- Mailchimp for WordPress v4.12.5 - https:\/\/wordpress.org\/plugins\/mailchimp-for-wp\/ --><form id=\"mc4wp-form-1\" class=\"mc4wp-form mc4wp-form-384\" method=\"post\" data-id=\"384\" data-name=\"No Te Pierdas las Novedades\" ><div class=\"mc4wp-form-fields\"><p>\r\n  <h3>\r\n    Suscr\u00edbete al bolet\u00edn de viajes semanal para recibir las \u00faltimas publicaciones, gu\u00edas de ciudades y consejos y secretos de viaje \u00fatiles.\r\n  <\/h3>\r\n<\/p>\r\n\r\n<div class=\"fields-container\">\r\n  <input type=\"email\" name=\"EMAIL\" placeholder=\"Inserta tu email aqu\u00ed\" required=\"\">\r\n\r\n  <input type=\"submit\" value=\"Subscr\u00edbete\">\r\n<\/div>\r\n\r\n<p>\r\n  <label>\r\n    <input name=\"AGREE_TO_TERMS\" type=\"checkbox\" value=\"1\" required=\"\"> <a href=\"\/index.php\/terminos-y-conciones-newsletter\/\" target=\"_blank\" rel=\"noopener\"><b>He le\u00eddo y acepto los T\u00e9rminos & Condiciones.<\/b><\/a>\r\n<\/label>\r\n<\/p><\/div><label style=\"display: none !important;\">Deja vac\u00edo este campo si eres humano: <input type=\"text\" name=\"_mc4wp_honeypot\" value=\"\" tabindex=\"-1\" autocomplete=\"off\" \/><\/label><input type=\"hidden\" name=\"_mc4wp_timestamp\" value=\"1778833530\" \/><input type=\"hidden\" name=\"_mc4wp_form_id\" value=\"384\" \/><input type=\"hidden\" name=\"_mc4wp_form_element_id\" value=\"mc4wp-form-1\" \/><div class=\"mc4wp-response\"><\/div><\/form><!-- \/ Mailchimp for WordPress Plugin -->\n","protected":false},"excerpt":{"rendered":"","protected":false},"author":1,"featured_media":1685,"parent":0,"menu_order":0,"comment_status":"closed","ping_status":"closed","template":"","meta":{"loftocean_post_format_gallery":"","loftocean_post_format_gallery_ids":"","loftocean_post_format_gallery_urls":"","loftocean_post_format_video_id":0,"loftocean_post_format_video_url":"","loftocean_post_format_video_type":"","loftocean_post_format_video":"","loftocean_post_format_audio_type":"","loftocean_post_format_audio_url":"","loftocean_post_format_audio_id":0,"loftocean_post_format_audio":"","loftocean-featured-post":"","loftocean-like-count":0,"loftocean-view-count":0,"loftocean-enable-content-navigation":"","loftocean-content-navigation-position":"","loftocean-content-navigation-heading":"","loftocean-content-navigation-label":"","loftocean-content-navigation-icon":"","loftocean-map-location":"","loftocean-map-latlng":"","loftocean-map-auto-latlng":"","eaven_single_post_hide_thumbnail":"","eaven_single_post_template":"","eaven_single_post_sidebar":"","eaven_hide_before_page_content_ad":"","eaven_hide_after_page_content_ad":"","eaven_advanced_classname":"","footnotes":""},"class_list":["post-2039","page","type-page","status-publish","has-post-thumbnail"],"yoast_head":"<!-- This site is optimized with the Yoast SEO plugin v27.6 - https:\/\/yoast.com\/product\/yoast-seo-wordpress\/ -->\n<title>Suscr\u00edbete<\/title>\n<meta name=\"robots\" content=\"index, follow, max-snippet:-1, max-image-preview:large, max-video-preview:-1\" \/>\n<link rel=\"canonical\" href=\"https:\/\/tripsonthemoon.com\/index.php\/suscribete\/\" \/>\n<meta property=\"og:locale\" content=\"es_ES\" \/>\n<meta property=\"og:locale:alternate\" content=\"en_GB\" \/>\n<meta property=\"og:type\" content=\"article\" \/>\n<meta property=\"og:title\" content=\"Suscr\u00edbete\" \/>\n<meta property=\"og:url\" content=\"https:\/\/tripsonthemoon.com\/index.php\/suscribete\/\" \/>\n<meta property=\"og:site_name\" content=\"Trips on the Moon\" \/>\n<meta property=\"article:modified_time\" content=\"2023-12-09T15:15:16+00:00\" \/>\n<meta property=\"og:image\" content=\"https:\/\/tripsonthemoon.com\/wp-content\/uploads\/2023\/11\/fondo-newsletter-noruega-scaled-e1700405806572.jpg\" \/>\n\t<meta property=\"og:image:width\" content=\"2560\" \/>\n\t<meta property=\"og:image:height\" content=\"1621\" \/>\n\t<meta property=\"og:image:type\" content=\"image\/jpeg\" \/>\n<meta name=\"twitter:card\" content=\"summary_large_image\" \/>\n<meta name=\"twitter:label1\" content=\"Tiempo de lectura\" \/>\n\t<meta name=\"twitter:data1\" content=\"1 minuto\" \/>\n<script type=\"application\/ld+json\" class=\"yoast-schema-graph\">{\"@context\":\"https:\\\/\\\/schema.org\",\"@graph\":[{\"@type\":\"WebPage\",\"@id\":\"https:\\\/\\\/tripsonthemoon.com\\\/en\\\/index.php\\\/suscribete\\\/\",\"url\":\"https:\\\/\\\/tripsonthemoon.com\\\/en\\\/index.php\\\/suscribete\\\/\",\"name\":\"Suscr\u00edbete\",\"isPartOf\":{\"@id\":\"https:\\\/\\\/tripsonthemoon.com\\\/#website\"},\"primaryImageOfPage\":{\"@id\":\"https:\\\/\\\/tripsonthemoon.com\\\/en\\\/index.php\\\/suscribete\\\/#primaryimage\"},\"image\":{\"@id\":\"https:\\\/\\\/tripsonthemoon.com\\\/en\\\/index.php\\\/suscribete\\\/#primaryimage\"},\"thumbnailUrl\":\"https:\\\/\\\/tripsonthemoon.com\\\/wp-content\\\/uploads\\\/2023\\\/11\\\/fondo-newsletter-noruega-scaled-e1700405806572.jpg\",\"datePublished\":\"2023-12-09T15:09:46+00:00\",\"dateModified\":\"2023-12-09T15:15:16+00:00\",\"breadcrumb\":{\"@id\":\"https:\\\/\\\/tripsonthemoon.com\\\/en\\\/index.php\\\/suscribete\\\/#breadcrumb\"},\"inLanguage\":\"es-ES\",\"potentialAction\":[{\"@type\":\"ReadAction\",\"target\":[\"https:\\\/\\\/tripsonthemoon.com\\\/en\\\/index.php\\\/suscribete\\\/\"]}]},{\"@type\":\"ImageObject\",\"inLanguage\":\"es-ES\",\"@id\":\"https:\\\/\\\/tripsonthemoon.com\\\/en\\\/index.php\\\/suscribete\\\/#primaryimage\",\"url\":\"https:\\\/\\\/tripsonthemoon.com\\\/wp-content\\\/uploads\\\/2023\\\/11\\\/fondo-newsletter-noruega-scaled-e1700405806572.jpg\",\"contentUrl\":\"https:\\\/\\\/tripsonthemoon.com\\\/wp-content\\\/uploads\\\/2023\\\/11\\\/fondo-newsletter-noruega-scaled-e1700405806572.jpg\",\"width\":2560,\"height\":1621},{\"@type\":\"BreadcrumbList\",\"@id\":\"https:\\\/\\\/tripsonthemoon.com\\\/en\\\/index.php\\\/suscribete\\\/#breadcrumb\",\"itemListElement\":[{\"@type\":\"ListItem\",\"position\":1,\"name\":\"Portada\",\"item\":\"https:\\\/\\\/tripsonthemoon.com\\\/\"},{\"@type\":\"ListItem\",\"position\":2,\"name\":\"Suscribe\"}]},{\"@type\":\"WebSite\",\"@id\":\"https:\\\/\\\/tripsonthemoon.com\\\/#website\",\"url\":\"https:\\\/\\\/tripsonthemoon.com\\\/\",\"name\":\"Trips on the Moon\",\"description\":\"Viaja m\u00e1s all\u00e1 de la Luna\",\"publisher\":{\"@id\":\"https:\\\/\\\/tripsonthemoon.com\\\/#organization\"},\"potentialAction\":[{\"@type\":\"SearchAction\",\"target\":{\"@type\":\"EntryPoint\",\"urlTemplate\":\"https:\\\/\\\/tripsonthemoon.com\\\/?s={search_term_string}\"},\"query-input\":{\"@type\":\"PropertyValueSpecification\",\"valueRequired\":true,\"valueName\":\"search_term_string\"}}],\"inLanguage\":\"es-ES\"},{\"@type\":\"Organization\",\"@id\":\"https:\\\/\\\/tripsonthemoon.com\\\/#organization\",\"name\":\"Trips on the Moon\",\"url\":\"https:\\\/\\\/tripsonthemoon.com\\\/\",\"logo\":{\"@type\":\"ImageObject\",\"inLanguage\":\"es-ES\",\"@id\":\"https:\\\/\\\/tripsonthemoon.com\\\/#\\\/schema\\\/logo\\\/image\\\/\",\"url\":\"https:\\\/\\\/tripsonthemoon.com\\\/wp-content\\\/uploads\\\/2023\\\/11\\\/cropped-Captura_de_pantalla_2023-11-29_124727-removebg-preview-1.png\",\"contentUrl\":\"https:\\\/\\\/tripsonthemoon.com\\\/wp-content\\\/uploads\\\/2023\\\/11\\\/cropped-Captura_de_pantalla_2023-11-29_124727-removebg-preview-1.png\",\"width\":951,\"height\":105,\"caption\":\"Trips on the Moon\"},\"image\":{\"@id\":\"https:\\\/\\\/tripsonthemoon.com\\\/#\\\/schema\\\/logo\\\/image\\\/\"}}]}<\/script>\n<!-- \/ Yoast SEO plugin. -->","yoast_head_json":{"title":"Suscr\u00edbete","robots":{"index":"index","follow":"follow","max-snippet":"max-snippet:-1","max-image-preview":"max-image-preview:large","max-video-preview":"max-video-preview:-1"},"canonical":"https:\/\/tripsonthemoon.com\/index.php\/suscribete\/","og_locale":"es_ES","og_type":"article","og_title":"[:en]Suscribe[:es]Suscr\u00edbete[:] - Trips on the Moon","og_url":"https:\/\/tripsonthemoon.com\/index.php\/suscribete\/","og_site_name":"Trips on the Moon","article_modified_time":"2023-12-09T15:15:16+00:00","og_image":[{"width":2560,"height":1621,"url":"https:\/\/tripsonthemoon.com\/wp-content\/uploads\/2023\/11\/fondo-newsletter-noruega-scaled-e1700405806572.jpg","type":"image\/jpeg"}],"twitter_card":"summary_large_image","twitter_misc":{"Tiempo de lectura":"1 minuto"},"schema":{"@context":"https:\/\/schema.org","@graph":[{"@type":"WebPage","@id":"https:\/\/tripsonthemoon.com\/en\/index.php\/suscribete\/","url":"https:\/\/tripsonthemoon.com\/en\/index.php\/suscribete\/","name":"Suscr\u00edbete","isPartOf":{"@id":"https:\/\/tripsonthemoon.com\/#website"},"primaryImageOfPage":{"@id":"https:\/\/tripsonthemoon.com\/en\/index.php\/suscribete\/#primaryimage"},"image":{"@id":"https:\/\/tripsonthemoon.com\/en\/index.php\/suscribete\/#primaryimage"},"thumbnailUrl":"https:\/\/tripsonthemoon.com\/wp-content\/uploads\/2023\/11\/fondo-newsletter-noruega-scaled-e1700405806572.jpg","datePublished":"2023-12-09T15:09:46+00:00","dateModified":"2023-12-09T15:15:16+00:00","breadcrumb":{"@id":"https:\/\/tripsonthemoon.com\/en\/index.php\/suscribete\/#breadcrumb"},"inLanguage":"es-ES","potentialAction":[{"@type":"ReadAction","target":["https:\/\/tripsonthemoon.com\/en\/index.php\/suscribete\/"]}]},{"@type":"ImageObject","inLanguage":"es-ES","@id":"https:\/\/tripsonthemoon.com\/en\/index.php\/suscribete\/#primaryimage","url":"https:\/\/tripsonthemoon.com\/wp-content\/uploads\/2023\/11\/fondo-newsletter-noruega-scaled-e1700405806572.jpg","contentUrl":"https:\/\/tripsonthemoon.com\/wp-content\/uploads\/2023\/11\/fondo-newsletter-noruega-scaled-e1700405806572.jpg","width":2560,"height":1621},{"@type":"BreadcrumbList","@id":"https:\/\/tripsonthemoon.com\/en\/index.php\/suscribete\/#breadcrumb","itemListElement":[{"@type":"ListItem","position":1,"name":"Portada","item":"https:\/\/tripsonthemoon.com\/"},{"@type":"ListItem","position":2,"name":"Suscribe"}]},{"@type":"WebSite","@id":"https:\/\/tripsonthemoon.com\/#website","url":"https:\/\/tripsonthemoon.com\/","name":"Trips on the Moon","description":"Viaja m\u00e1s all\u00e1 de la Luna","publisher":{"@id":"https:\/\/tripsonthemoon.com\/#organization"},"potentialAction":[{"@type":"SearchAction","target":{"@type":"EntryPoint","urlTemplate":"https:\/\/tripsonthemoon.com\/?s={search_term_string}"},"query-input":{"@type":"PropertyValueSpecification","valueRequired":true,"valueName":"search_term_string"}}],"inLanguage":"es-ES"},{"@type":"Organization","@id":"https:\/\/tripsonthemoon.com\/#organization","name":"Trips on the Moon","url":"https:\/\/tripsonthemoon.com\/","logo":{"@type":"ImageObject","inLanguage":"es-ES","@id":"https:\/\/tripsonthemoon.com\/#\/schema\/logo\/image\/","url":"https:\/\/tripsonthemoon.com\/wp-content\/uploads\/2023\/11\/cropped-Captura_de_pantalla_2023-11-29_124727-removebg-preview-1.png","contentUrl":"https:\/\/tripsonthemoon.com\/wp-content\/uploads\/2023\/11\/cropped-Captura_de_pantalla_2023-11-29_124727-removebg-preview-1.png","width":951,"height":105,"caption":"Trips on the Moon"},"image":{"@id":"https:\/\/tripsonthemoon.com\/#\/schema\/logo\/image\/"}}]}},"jetpack-related-posts":[{"id":760,"url":"https:\/\/tripsonthemoon.com\/index.php\/dropcaps\/","url_meta":{"origin":2039,"position":0},"title":"Dropcaps","author":"damian","date":"22 de septiembre de 2019","format":false,"excerpt":"[:en] Lorem ipsum dolor sit amet, consectetur adipiscing elit. Suspendisse sit amet libero faucibus, finibus justo vitae, ultrices lectus. Quisque pharetra, lacus quis venenatis molestie, nibh tortor aliquam dui, id venenatis lectus metus id ipsum. Lorem ipsum dolor sit amet, consectetur adipiscing elit. Suspendisse sit amet libero faucibus, finibus justo\u2026","rel":"","context":"Entrada similar","block_context":{"text":"Entrada similar","link":""},"img":{"alt_text":"","src":"","width":0,"height":0},"classes":[]},{"id":609,"url":"https:\/\/tripsonthemoon.com\/index.php\/contact\/","url_meta":{"origin":2039,"position":1},"title":"Contacto","author":"damian","date":"22 de septiembre de 2019","format":false,"excerpt":"[:en]\u00a1Thanks for contacting me! If you have questions about a specific trip, you can use the Comments section and from there I will be happy to answer your question. This helps other travelers with same question benefit from the answer. If you prefer a more personal response, do not hesitate\u2026","rel":"","context":"Entrada similar","block_context":{"text":"Entrada similar","link":""},"img":{"alt_text":"","src":"https:\/\/i0.wp.com\/tripsonthemoon.com\/wp-content\/uploads\/2023\/11\/6c2a253b-0cc1-43c1-ab6b-ce77d72cb5b9.jpg?resize=350%2C200&ssl=1","width":350,"height":200,"srcset":"https:\/\/i0.wp.com\/tripsonthemoon.com\/wp-content\/uploads\/2023\/11\/6c2a253b-0cc1-43c1-ab6b-ce77d72cb5b9.jpg?resize=350%2C200&ssl=1 1x, https:\/\/i0.wp.com\/tripsonthemoon.com\/wp-content\/uploads\/2023\/11\/6c2a253b-0cc1-43c1-ab6b-ce77d72cb5b9.jpg?resize=525%2C300&ssl=1 1.5x, https:\/\/i0.wp.com\/tripsonthemoon.com\/wp-content\/uploads\/2023\/11\/6c2a253b-0cc1-43c1-ab6b-ce77d72cb5b9.jpg?resize=700%2C400&ssl=1 2x"},"classes":[]},{"id":768,"url":"https:\/\/tripsonthemoon.com\/index.php\/tweet-it\/","url_meta":{"origin":2039,"position":2},"title":"Tweet It","author":"damian","date":"22 de septiembre de 2019","format":false,"excerpt":"Tweet Inline Sentence Lorem ipsum dolor sit amet, consectetur adipiscing elit. Suspendisse sit amet libero faucibus, finibus justo vitae, ultrices lectus. Quisque pharetra, lacus quis venenatis molestie, nibh tortor aliquam dui, id venenatis lectus metus id ipsum. Lorem ipsum dolor sit amet, consectetur adipiscing elit. Aenean in fringilla dui, nec\u2026","rel":"","context":"Entrada similar","block_context":{"text":"Entrada similar","link":""},"img":{"alt_text":"","src":"","width":0,"height":0},"classes":[]},{"id":766,"url":"https:\/\/tripsonthemoon.com\/index.php\/tabs-accordions\/","url_meta":{"origin":2039,"position":3},"title":"Tabs &#038; Accordions","author":"damian","date":"22 de septiembre de 2019","format":false,"excerpt":"[:en]Tabs \u00a0 Tabs - Vertical \u00a0 Tabs and other shortcodes \u00a0 \u00a0 Accordions [:es]Tabs \u00a0 Tabs - Vertical \u00a0 Tabs and other shortcodes \u00a0 \u00a0 Accordions [:]","rel":"","context":"Entrada similar","block_context":{"text":"Entrada similar","link":""},"img":{"alt_text":"","src":"","width":0,"height":0},"classes":[]},{"id":770,"url":"https:\/\/tripsonthemoon.com\/index.php\/video-block\/","url_meta":{"origin":2039,"position":4},"title":"Video Block","author":"damian","date":"22 de septiembre de 2019","format":false,"excerpt":"Phasellus rhoncus eros nec ultricies luctus. Morbi suscipit pretium mi, eu faucibus odio fermentum sit amet. Pellentesque finibus dui quis odio vehicula gravida sit amet et nisi. Phasellus euismod sem nunc, ut efficitur massa imperdiet vitae. Donec vitae congue nulla. Vivamus non porta augue. \u00a0 Video Block Full Width Add\u2026","rel":"","context":"Entrada similar","block_context":{"text":"Entrada similar","link":""},"img":{"alt_text":"","src":"","width":0,"height":0},"classes":[]},{"id":772,"url":"https:\/\/tripsonthemoon.com\/index.php\/wide-image-galleries\/","url_meta":{"origin":2039,"position":5},"title":"Wide Image &#038; Galleries","author":"damian","date":"22 de septiembre de 2019","format":false,"excerpt":"Aenean in fringilla dui, nec ullamcorper leo. Curabitur lacus nulla, ultricies sit amet efficitur quis, congue lobortis magna. Proin hendrerit dolor sit amet erat convallis lobortis. Phasellus rhoncus eros nec ultricies luctus. Morbi suscipit pretium mi, eu faucibus odio fermentum sit amet. Pellentesque finibus dui quis odio vehicula gravida sit\u2026","rel":"","context":"Entrada similar","block_context":{"text":"Entrada similar","link":""},"img":{"alt_text":"","src":"https:\/\/i0.wp.com\/tripsonthemoon.com\/wp-content\/uploads\/2019\/05\/eaven-placeholder-1-150x150.png?resize=350%2C200&ssl=1","width":350,"height":200,"srcset":"https:\/\/i0.wp.com\/tripsonthemoon.com\/wp-content\/uploads\/2019\/05\/eaven-placeholder-1-150x150.png?resize=350%2C200&ssl=1 1x, https:\/\/i0.wp.com\/tripsonthemoon.com\/wp-content\/uploads\/2019\/05\/eaven-placeholder-1-150x150.png?resize=525%2C300&ssl=1 1.5x, https:\/\/i0.wp.com\/tripsonthemoon.com\/wp-content\/uploads\/2019\/05\/eaven-placeholder-1-150x150.png?resize=700%2C400&ssl=1 2x, https:\/\/i0.wp.com\/tripsonthemoon.com\/wp-content\/uploads\/2019\/05\/eaven-placeholder-1-150x150.png?resize=1050%2C600&ssl=1 3x, https:\/\/i0.wp.com\/tripsonthemoon.com\/wp-content\/uploads\/2019\/05\/eaven-placeholder-1-150x150.png?resize=1400%2C800&ssl=1 4x"},"classes":[]}],"jetpack_sharing_enabled":true,"_links":{"self":[{"href":"https:\/\/tripsonthemoon.com\/index.php\/wp-json\/wp\/v2\/pages\/2039","targetHints":{"allow":["GET"]}}],"collection":[{"href":"https:\/\/tripsonthemoon.com\/index.php\/wp-json\/wp\/v2\/pages"}],"about":[{"href":"https:\/\/tripsonthemoon.com\/index.php\/wp-json\/wp\/v2\/types\/page"}],"author":[{"embeddable":true,"href":"https:\/\/tripsonthemoon.com\/index.php\/wp-json\/wp\/v2\/users\/1"}],"replies":[{"embeddable":true,"href":"https:\/\/tripsonthemoon.com\/index.php\/wp-json\/wp\/v2\/comments?post=2039"}],"version-history":[{"count":2,"href":"https:\/\/tripsonthemoon.com\/index.php\/wp-json\/wp\/v2\/pages\/2039\/revisions"}],"predecessor-version":[{"id":2041,"href":"https:\/\/tripsonthemoon.com\/index.php\/wp-json\/wp\/v2\/pages\/2039\/revisions\/2041"}],"wp:featuredmedia":[{"embeddable":true,"href":"https:\/\/tripsonthemoon.com\/index.php\/wp-json\/wp\/v2\/media\/1685"}],"wp:attachment":[{"href":"https:\/\/tripsonthemoon.com\/index.php\/wp-json\/wp\/v2\/media?parent=2039"}],"curies":[{"name":"wp","href":"https:\/\/api.w.org\/{rel}","templated":true}]}}