{"id":609,"date":"2019-09-22T02:42:37","date_gmt":"2019-09-22T02:42:37","guid":{"rendered":"https:\/\/demo.loftocean.com\/eaven\/?page_id=609"},"modified":"2023-11-27T21:19:26","modified_gmt":"2023-11-27T20:19:26","slug":"contact","status":"publish","type":"page","link":"https:\/\/tripsonthemoon.com\/index.php\/contact\/","title":{"rendered":"Contacto"},"content":{"rendered":"<h5><strong>\u00a1Muchas gracias por contactar conmigo!<\/strong><\/h5>\n<ul>\n<li>Si tienes dudas acerca de alg\u00fan viaje en concreto, puedes utilizar los apartados de <strong><span style=\"color: #993366;\">Comentarios<\/span><\/strong> y desde all\u00ed estar\u00e9 encantada de resolver tus dudas. Esto, ayudar\u00e1 adem\u00e1s, a que otros viajeros con las mismas inquietudes se puedan beneficiar de la respuesta.<\/li>\n<li>Si prefieres una respuesta m\u00e1s personal, no dudes en utilizar el <span style=\"color: #993366;\"><strong>Formulario de Contacto<\/strong><\/span> que viene a continuaci\u00f3n.<\/li>\n<li>Si deseas escribirme por email utilizando alg\u00fan programa de correo electr\u00f3nico la direcci\u00f3n de email es la siguiente: <a href=\"mailto:hola.tripsonthemoon@gmail.com\"><span style=\"color: #993366;\"><strong>hola.tripsonthemoon@gmail.com<\/strong><\/span><\/a><\/li>\n<\/ul>\n<hr \/>\n<h2>Formulario de Contacto<\/h2>\n\n<div class=\"wpcf7 no-js\" id=\"wpcf7-f875-o1\" lang=\"en-US\" dir=\"ltr\" data-wpcf7-id=\"875\">\n<div class=\"screen-reader-response\"><p role=\"status\" aria-live=\"polite\" aria-atomic=\"true\"><\/p> <ul><\/ul><\/div>\n<form action=\"\/index.php\/wp-json\/wp\/v2\/pages\/609#wpcf7-f875-o1\" method=\"post\" class=\"wpcf7-form init\" aria-label=\"Contact form\" novalidate=\"novalidate\" data-status=\"init\">\n<fieldset class=\"hidden-fields-container\"><input type=\"hidden\" name=\"_wpcf7\" value=\"875\" \/><input type=\"hidden\" name=\"_wpcf7_version\" value=\"6.1.5\" \/><input type=\"hidden\" name=\"_wpcf7_locale\" value=\"en_US\" \/><input type=\"hidden\" name=\"_wpcf7_unit_tag\" value=\"wpcf7-f875-o1\" \/><input type=\"hidden\" name=\"_wpcf7_container_post\" value=\"0\" \/><input type=\"hidden\" name=\"_wpcf7_posted_data_hash\" value=\"\" \/><input type=\"hidden\" name=\"lang\" value=\"es\" \/>\n<\/fieldset>\n<p><label> Nombre (obligatorio)<br \/>\n<span class=\"wpcf7-form-control-wrap\" data-name=\"your-name\"><input size=\"40\" maxlength=\"400\" class=\"wpcf7-form-control wpcf7-text wpcf7-validates-as-required\" aria-required=\"true\" aria-invalid=\"false\" value=\"\" type=\"text\" name=\"your-name\" \/><\/span> <\/label>\n<\/p>\n<p><label> Email (obligatorio)<br \/>\n<span class=\"wpcf7-form-control-wrap\" data-name=\"your-email\"><input size=\"40\" maxlength=\"400\" class=\"wpcf7-form-control wpcf7-email wpcf7-validates-as-required wpcf7-text wpcf7-validates-as-email\" aria-required=\"true\" aria-invalid=\"false\" value=\"\" type=\"email\" name=\"your-email\" \/><\/span> <\/label>\n<\/p>\n<p><label> Asunto<br \/>\n<span class=\"wpcf7-form-control-wrap\" data-name=\"your-subject\"><input size=\"40\" maxlength=\"400\" class=\"wpcf7-form-control wpcf7-text\" aria-invalid=\"false\" value=\"\" type=\"text\" name=\"your-subject\" \/><\/span> <\/label>\n<\/p>\n<p><label> Mensaje<br \/>\n<span class=\"wpcf7-form-control-wrap\" data-name=\"your-message\"><textarea cols=\"40\" rows=\"10\" maxlength=\"2000\" class=\"wpcf7-form-control wpcf7-textarea\" aria-invalid=\"false\" name=\"your-message\"><\/textarea><\/span> <\/label>\n<\/p>\n<p><input class=\"wpcf7-form-control wpcf7-submit has-spinner\" type=\"submit\" value=\"Enviar\" \/>\n<\/p><p style=\"display: none !important;\" class=\"akismet-fields-container\" data-prefix=\"_wpcf7_ak_\"><label>&#916;<textarea name=\"_wpcf7_ak_hp_textarea\" cols=\"45\" rows=\"8\" maxlength=\"100\"><\/textarea><\/label><input type=\"hidden\" id=\"ak_js_1\" name=\"_wpcf7_ak_js\" value=\"209\"\/><script type=\"text\/javascript\">\n\/* <![CDATA[ *\/\ndocument.getElementById( \"ak_js_1\" ).setAttribute( \"value\", ( new Date() ).getTime() );\n\/* ]]> *\/\n<\/script>\n<\/p><div class=\"wpcf7-response-output\" aria-hidden=\"true\"><\/div>\n<\/form>\n<\/div>\n\n","protected":false},"excerpt":{"rendered":"<p>\u00a1Muchas gracias por contactar conmigo! Si tienes dudas acerca de alg\u00fan viaje en concreto, puedes utilizar los apartados de Comentarios y desde all\u00ed estar\u00e9 encantada de resolver tus dudas. Esto, ayudar\u00e1 adem\u00e1s, a que otros viajeros con las mismas inquietudes se puedan beneficiar de la respuesta. Si prefieres una respuesta m\u00e1s personal, no dudes en &#8230;<\/p>\n","protected":false},"author":1,"featured_media":1996,"parent":0,"menu_order":0,"comment_status":"closed","ping_status":"closed","template":"","meta":{"loftocean_post_format_gallery":"","loftocean_post_format_gallery_ids":"","loftocean_post_format_gallery_urls":"","loftocean_post_format_video_id":0,"loftocean_post_format_video_url":"","loftocean_post_format_video_type":"","loftocean_post_format_video":"","loftocean_post_format_audio_type":"","loftocean_post_format_audio_url":"","loftocean_post_format_audio_id":0,"loftocean_post_format_audio":"","loftocean-featured-post":"","loftocean-like-count":0,"loftocean-view-count":0,"loftocean-enable-content-navigation":"","loftocean-content-navigation-position":"","loftocean-content-navigation-heading":"h3","loftocean-content-navigation-label":"","loftocean-content-navigation-icon":"","loftocean-map-location":"","loftocean-map-latlng":"","loftocean-map-auto-latlng":"","eaven_single_post_hide_thumbnail":"","eaven_single_post_template":"","eaven_single_post_sidebar":"","eaven_hide_before_page_content_ad":"","eaven_hide_after_page_content_ad":"","eaven_advanced_classname":"","footnotes":""},"class_list":["post-609","page","type-page","status-publish","has-post-thumbnail"],"yoast_head":"<!-- This site is optimized with the Yoast SEO plugin v27.5 - https:\/\/yoast.com\/product\/yoast-seo-wordpress\/ -->\n<title>Contacto<\/title>\n<meta name=\"robots\" content=\"index, follow, max-snippet:-1, max-image-preview:large, max-video-preview:-1\" \/>\n<link rel=\"canonical\" href=\"https:\/\/tripsonthemoon.com\/index.php\/contact\/\" \/>\n<meta property=\"og:locale\" content=\"es_ES\" \/>\n<meta property=\"og:locale:alternate\" content=\"en_GB\" \/>\n<meta property=\"og:type\" content=\"article\" \/>\n<meta property=\"og:title\" content=\"Contacto\" \/>\n<meta property=\"og:description\" content=\"\u00a1Muchas gracias por contactar conmigo! Si tienes dudas acerca de alg\u00fan viaje en concreto, puedes utilizar los apartados de Comentarios y desde all\u00ed estar\u00e9 encantada de resolver tus dudas. Esto, ayudar\u00e1 adem\u00e1s, a que otros viajeros con las mismas inquietudes se puedan beneficiar de la respuesta. Si prefieres una respuesta m\u00e1s personal, no dudes en ...\" \/>\n<meta property=\"og:url\" content=\"https:\/\/tripsonthemoon.com\/index.php\/contact\/\" \/>\n<meta property=\"og:site_name\" content=\"Trips on the Moon\" \/>\n<meta property=\"article:modified_time\" content=\"2023-11-27T20:19:26+00:00\" \/>\n<meta property=\"og:image\" content=\"https:\/\/tripsonthemoon.com\/wp-content\/uploads\/2023\/11\/6c2a253b-0cc1-43c1-ab6b-ce77d72cb5b9.jpg\" \/>\n\t<meta property=\"og:image:width\" content=\"1024\" \/>\n\t<meta property=\"og:image:height\" content=\"1024\" \/>\n\t<meta property=\"og:image:type\" content=\"image\/jpeg\" \/>\n<meta name=\"twitter:card\" content=\"summary_large_image\" \/>\n<meta name=\"twitter:label1\" content=\"Tiempo de lectura\" \/>\n\t<meta name=\"twitter:data1\" content=\"1 minuto\" \/>\n<script type=\"application\/ld+json\" class=\"yoast-schema-graph\">{\"@context\":\"https:\\\/\\\/schema.org\",\"@graph\":[{\"@type\":\"WebPage\",\"@id\":\"https:\\\/\\\/tripsonthemoon.com\\\/index.php\\\/contact\\\/\",\"url\":\"https:\\\/\\\/tripsonthemoon.com\\\/index.php\\\/contact\\\/\",\"name\":\"Contacto\",\"isPartOf\":{\"@id\":\"https:\\\/\\\/tripsonthemoon.com\\\/#website\"},\"primaryImageOfPage\":{\"@id\":\"https:\\\/\\\/tripsonthemoon.com\\\/index.php\\\/contact\\\/#primaryimage\"},\"image\":{\"@id\":\"https:\\\/\\\/tripsonthemoon.com\\\/index.php\\\/contact\\\/#primaryimage\"},\"thumbnailUrl\":\"https:\\\/\\\/tripsonthemoon.com\\\/wp-content\\\/uploads\\\/2023\\\/11\\\/6c2a253b-0cc1-43c1-ab6b-ce77d72cb5b9.jpg\",\"datePublished\":\"2019-09-22T02:42:37+00:00\",\"dateModified\":\"2023-11-27T20:19:26+00:00\",\"breadcrumb\":{\"@id\":\"https:\\\/\\\/tripsonthemoon.com\\\/index.php\\\/contact\\\/#breadcrumb\"},\"inLanguage\":\"es-ES\",\"potentialAction\":[{\"@type\":\"ReadAction\",\"target\":[\"https:\\\/\\\/tripsonthemoon.com\\\/index.php\\\/contact\\\/\"]}]},{\"@type\":\"ImageObject\",\"inLanguage\":\"es-ES\",\"@id\":\"https:\\\/\\\/tripsonthemoon.com\\\/index.php\\\/contact\\\/#primaryimage\",\"url\":\"https:\\\/\\\/tripsonthemoon.com\\\/wp-content\\\/uploads\\\/2023\\\/11\\\/6c2a253b-0cc1-43c1-ab6b-ce77d72cb5b9.jpg\",\"contentUrl\":\"https:\\\/\\\/tripsonthemoon.com\\\/wp-content\\\/uploads\\\/2023\\\/11\\\/6c2a253b-0cc1-43c1-ab6b-ce77d72cb5b9.jpg\",\"width\":1024,\"height\":1024},{\"@type\":\"BreadcrumbList\",\"@id\":\"https:\\\/\\\/tripsonthemoon.com\\\/index.php\\\/contact\\\/#breadcrumb\",\"itemListElement\":[{\"@type\":\"ListItem\",\"position\":1,\"name\":\"Portada\",\"item\":\"https:\\\/\\\/tripsonthemoon.com\\\/\"},{\"@type\":\"ListItem\",\"position\":2,\"name\":\"Contacto\"}]},{\"@type\":\"WebSite\",\"@id\":\"https:\\\/\\\/tripsonthemoon.com\\\/#website\",\"url\":\"https:\\\/\\\/tripsonthemoon.com\\\/\",\"name\":\"Trips on the Moon\",\"description\":\"Viaja m\u00e1s all\u00e1 de la Luna\",\"publisher\":{\"@id\":\"https:\\\/\\\/tripsonthemoon.com\\\/#organization\"},\"potentialAction\":[{\"@type\":\"SearchAction\",\"target\":{\"@type\":\"EntryPoint\",\"urlTemplate\":\"https:\\\/\\\/tripsonthemoon.com\\\/?s={search_term_string}\"},\"query-input\":{\"@type\":\"PropertyValueSpecification\",\"valueRequired\":true,\"valueName\":\"search_term_string\"}}],\"inLanguage\":\"es-ES\"},{\"@type\":\"Organization\",\"@id\":\"https:\\\/\\\/tripsonthemoon.com\\\/#organization\",\"name\":\"Trips on the Moon\",\"url\":\"https:\\\/\\\/tripsonthemoon.com\\\/\",\"logo\":{\"@type\":\"ImageObject\",\"inLanguage\":\"es-ES\",\"@id\":\"https:\\\/\\\/tripsonthemoon.com\\\/#\\\/schema\\\/logo\\\/image\\\/\",\"url\":\"https:\\\/\\\/tripsonthemoon.com\\\/wp-content\\\/uploads\\\/2023\\\/11\\\/cropped-Captura_de_pantalla_2023-11-29_124727-removebg-preview-1.png\",\"contentUrl\":\"https:\\\/\\\/tripsonthemoon.com\\\/wp-content\\\/uploads\\\/2023\\\/11\\\/cropped-Captura_de_pantalla_2023-11-29_124727-removebg-preview-1.png\",\"width\":951,\"height\":105,\"caption\":\"Trips on the Moon\"},\"image\":{\"@id\":\"https:\\\/\\\/tripsonthemoon.com\\\/#\\\/schema\\\/logo\\\/image\\\/\"}}]}<\/script>\n<!-- \/ Yoast SEO plugin. -->","yoast_head_json":{"title":"Contacto","robots":{"index":"index","follow":"follow","max-snippet":"max-snippet:-1","max-image-preview":"max-image-preview:large","max-video-preview":"max-video-preview:-1"},"canonical":"https:\/\/tripsonthemoon.com\/index.php\/contact\/","og_locale":"es_ES","og_type":"article","og_title":"[:en]Contact[:es]Contacto[:] - Trips on the Moon","og_description":"\u00a1Muchas gracias por contactar conmigo! Si tienes dudas acerca de alg\u00fan viaje en concreto, puedes utilizar los apartados de Comentarios y desde all\u00ed estar\u00e9 encantada de resolver tus dudas. Esto, ayudar\u00e1 adem\u00e1s, a que otros viajeros con las mismas inquietudes se puedan beneficiar de la respuesta. Si prefieres una respuesta m\u00e1s personal, no dudes en ...","og_url":"https:\/\/tripsonthemoon.com\/index.php\/contact\/","og_site_name":"Trips on the Moon","article_modified_time":"2023-11-27T20:19:26+00:00","og_image":[{"width":1024,"height":1024,"url":"https:\/\/tripsonthemoon.com\/wp-content\/uploads\/2023\/11\/6c2a253b-0cc1-43c1-ab6b-ce77d72cb5b9.jpg","type":"image\/jpeg"}],"twitter_card":"summary_large_image","twitter_misc":{"Tiempo de lectura":"1 minuto"},"schema":{"@context":"https:\/\/schema.org","@graph":[{"@type":"WebPage","@id":"https:\/\/tripsonthemoon.com\/index.php\/contact\/","url":"https:\/\/tripsonthemoon.com\/index.php\/contact\/","name":"Contacto","isPartOf":{"@id":"https:\/\/tripsonthemoon.com\/#website"},"primaryImageOfPage":{"@id":"https:\/\/tripsonthemoon.com\/index.php\/contact\/#primaryimage"},"image":{"@id":"https:\/\/tripsonthemoon.com\/index.php\/contact\/#primaryimage"},"thumbnailUrl":"https:\/\/tripsonthemoon.com\/wp-content\/uploads\/2023\/11\/6c2a253b-0cc1-43c1-ab6b-ce77d72cb5b9.jpg","datePublished":"2019-09-22T02:42:37+00:00","dateModified":"2023-11-27T20:19:26+00:00","breadcrumb":{"@id":"https:\/\/tripsonthemoon.com\/index.php\/contact\/#breadcrumb"},"inLanguage":"es-ES","potentialAction":[{"@type":"ReadAction","target":["https:\/\/tripsonthemoon.com\/index.php\/contact\/"]}]},{"@type":"ImageObject","inLanguage":"es-ES","@id":"https:\/\/tripsonthemoon.com\/index.php\/contact\/#primaryimage","url":"https:\/\/tripsonthemoon.com\/wp-content\/uploads\/2023\/11\/6c2a253b-0cc1-43c1-ab6b-ce77d72cb5b9.jpg","contentUrl":"https:\/\/tripsonthemoon.com\/wp-content\/uploads\/2023\/11\/6c2a253b-0cc1-43c1-ab6b-ce77d72cb5b9.jpg","width":1024,"height":1024},{"@type":"BreadcrumbList","@id":"https:\/\/tripsonthemoon.com\/index.php\/contact\/#breadcrumb","itemListElement":[{"@type":"ListItem","position":1,"name":"Portada","item":"https:\/\/tripsonthemoon.com\/"},{"@type":"ListItem","position":2,"name":"Contacto"}]},{"@type":"WebSite","@id":"https:\/\/tripsonthemoon.com\/#website","url":"https:\/\/tripsonthemoon.com\/","name":"Trips on the Moon","description":"Viaja m\u00e1s all\u00e1 de la Luna","publisher":{"@id":"https:\/\/tripsonthemoon.com\/#organization"},"potentialAction":[{"@type":"SearchAction","target":{"@type":"EntryPoint","urlTemplate":"https:\/\/tripsonthemoon.com\/?s={search_term_string}"},"query-input":{"@type":"PropertyValueSpecification","valueRequired":true,"valueName":"search_term_string"}}],"inLanguage":"es-ES"},{"@type":"Organization","@id":"https:\/\/tripsonthemoon.com\/#organization","name":"Trips on the Moon","url":"https:\/\/tripsonthemoon.com\/","logo":{"@type":"ImageObject","inLanguage":"es-ES","@id":"https:\/\/tripsonthemoon.com\/#\/schema\/logo\/image\/","url":"https:\/\/tripsonthemoon.com\/wp-content\/uploads\/2023\/11\/cropped-Captura_de_pantalla_2023-11-29_124727-removebg-preview-1.png","contentUrl":"https:\/\/tripsonthemoon.com\/wp-content\/uploads\/2023\/11\/cropped-Captura_de_pantalla_2023-11-29_124727-removebg-preview-1.png","width":951,"height":105,"caption":"Trips on the Moon"},"image":{"@id":"https:\/\/tripsonthemoon.com\/#\/schema\/logo\/image\/"}}]}},"jetpack-related-posts":[{"id":1192,"url":"https:\/\/tripsonthemoon.com\/index.php\/about-me\/","url_meta":{"origin":609,"position":0},"title":"Sobre m\u00ed","author":"damian","date":"6 de octubre de 2019","format":false,"excerpt":"[:en] Thank you for visiting my website. Hello! I'm Miriam. Traveler, blogger and photography lover. I was born and reaised in Spain, specifically in the city of Valladolid. A few years ago I moved north and now I live in Bilbao. I have traveled to more than 12 countries around\u2026","rel":"","context":"Entrada similar","block_context":{"text":"Entrada similar","link":""},"img":{"alt_text":"","src":"https:\/\/i0.wp.com\/tripsonthemoon.com\/wp-content\/uploads\/2019\/05\/eaven-placeholder-3.png?resize=350%2C200&ssl=1","width":350,"height":200,"srcset":"https:\/\/i0.wp.com\/tripsonthemoon.com\/wp-content\/uploads\/2019\/05\/eaven-placeholder-3.png?resize=350%2C200&ssl=1 1x, https:\/\/i0.wp.com\/tripsonthemoon.com\/wp-content\/uploads\/2019\/05\/eaven-placeholder-3.png?resize=525%2C300&ssl=1 1.5x, https:\/\/i0.wp.com\/tripsonthemoon.com\/wp-content\/uploads\/2019\/05\/eaven-placeholder-3.png?resize=700%2C400&ssl=1 2x, https:\/\/i0.wp.com\/tripsonthemoon.com\/wp-content\/uploads\/2019\/05\/eaven-placeholder-3.png?resize=1050%2C600&ssl=1 3x, https:\/\/i0.wp.com\/tripsonthemoon.com\/wp-content\/uploads\/2019\/05\/eaven-placeholder-3.png?resize=1400%2C800&ssl=1 4x"},"classes":[]},{"id":770,"url":"https:\/\/tripsonthemoon.com\/index.php\/video-block\/","url_meta":{"origin":609,"position":1},"title":"Video Block","author":"damian","date":"22 de septiembre de 2019","format":false,"excerpt":"Phasellus rhoncus eros nec ultricies luctus. Morbi suscipit pretium mi, eu faucibus odio fermentum sit amet. Pellentesque finibus dui quis odio vehicula gravida sit amet et nisi. Phasellus euismod sem nunc, ut efficitur massa imperdiet vitae. Donec vitae congue nulla. Vivamus non porta augue. \u00a0 Video Block Full Width Add\u2026","rel":"","context":"Entrada similar","block_context":{"text":"Entrada similar","link":""},"img":{"alt_text":"","src":"","width":0,"height":0},"classes":[]},{"id":1709,"url":"https:\/\/tripsonthemoon.com\/index.php\/terminos-y-conciones-newsletter\/","url_meta":{"origin":609,"position":2},"title":"T\u00e9rminos y Condiciones de la Newsletter","author":"damian","date":"19 de noviembre de 2023","format":false,"excerpt":"[:en] Los presentes t\u00e9rminos y condiciones regulan la suscripci\u00f3n a la newsletter denominada Newsletter de la p\u00e1gina web Trips On The Moon. Para poder recibir la Newsletter el suscriptor que desee darse de alta deber\u00e1 cumplimentar el formulario habilitado a tal efecto y aceptar los presentes t\u00e9rminos y condiciones. En\u2026","rel":"","context":"Entrada similar","block_context":{"text":"Entrada similar","link":""},"img":{"alt_text":"","src":"","width":0,"height":0},"classes":[]},{"id":768,"url":"https:\/\/tripsonthemoon.com\/index.php\/tweet-it\/","url_meta":{"origin":609,"position":3},"title":"Tweet It","author":"damian","date":"22 de septiembre de 2019","format":false,"excerpt":"Tweet Inline Sentence Lorem ipsum dolor sit amet, consectetur adipiscing elit. Suspendisse sit amet libero faucibus, finibus justo vitae, ultrices lectus. Quisque pharetra, lacus quis venenatis molestie, nibh tortor aliquam dui, id venenatis lectus metus id ipsum. Lorem ipsum dolor sit amet, consectetur adipiscing elit. Aenean in fringilla dui, nec\u2026","rel":"","context":"Entrada similar","block_context":{"text":"Entrada similar","link":""},"img":{"alt_text":"","src":"","width":0,"height":0},"classes":[]}],"jetpack_sharing_enabled":true,"_links":{"self":[{"href":"https:\/\/tripsonthemoon.com\/index.php\/wp-json\/wp\/v2\/pages\/609","targetHints":{"allow":["GET"]}}],"collection":[{"href":"https:\/\/tripsonthemoon.com\/index.php\/wp-json\/wp\/v2\/pages"}],"about":[{"href":"https:\/\/tripsonthemoon.com\/index.php\/wp-json\/wp\/v2\/types\/page"}],"author":[{"embeddable":true,"href":"https:\/\/tripsonthemoon.com\/index.php\/wp-json\/wp\/v2\/users\/1"}],"replies":[{"embeddable":true,"href":"https:\/\/tripsonthemoon.com\/index.php\/wp-json\/wp\/v2\/comments?post=609"}],"version-history":[{"count":15,"href":"https:\/\/tripsonthemoon.com\/index.php\/wp-json\/wp\/v2\/pages\/609\/revisions"}],"predecessor-version":[{"id":1848,"href":"https:\/\/tripsonthemoon.com\/index.php\/wp-json\/wp\/v2\/pages\/609\/revisions\/1848"}],"wp:featuredmedia":[{"embeddable":true,"href":"https:\/\/tripsonthemoon.com\/index.php\/wp-json\/wp\/v2\/media\/1996"}],"wp:attachment":[{"href":"https:\/\/tripsonthemoon.com\/index.php\/wp-json\/wp\/v2\/media?parent=609"}],"curies":[{"name":"wp","href":"https:\/\/api.w.org\/{rel}","templated":true}]}}